{"id":3759,"date":"2021-09-22T12:00:14","date_gmt":"2021-09-22T15:00:14","guid":{"rendered":"https:\/\/nordtech.com.br\/?post_type=product&#038;p=3759"},"modified":"2021-09-22T12:00:15","modified_gmt":"2021-09-22T15:00:15","slug":"desenterrador-de-erva-daninha-gardena","status":"publish","type":"product","link":"https:\/\/nordtech.com.br\/?product=desenterrador-de-erva-daninha-gardena","title":{"rendered":"Desenterrador de Erva Daninha Gardena"},"content":{"rendered":"","protected":false},"excerpt":{"rendered":"<p>Desenterrador de Erva Daninha, com l\u00e2mina de 14,5 cm e prote\u00e7\u00e3o contra corros\u00e3o \u00e9 perfeito para remover ervas daninhas dos canteiros.<\/p>\n<p>Caixa Master com 6 unidades.<\/p>\n","protected":false},"featured_media":3760,"comment_status":"open","ping_status":"closed","template":"","meta":[],"class_list":{"0":"post-3759","1":"product","2":"type-product","3":"status-publish","4":"has-post-thumbnail","6":"pwb-brand-gardena","7":"product_cat-linha-jardim","8":"product_cat-gardena","10":"first","11":"instock","12":"shipping-taxable","13":"product-type-simple"},"brands":[{"id":89,"name":"Gardena","slug":"gardena"}],"_links":{"self":[{"href":"https:\/\/nordtech.com.br\/index.php?rest_route=\/wp\/v2\/product\/3759","targetHints":{"allow":["GET"]}}],"collection":[{"href":"https:\/\/nordtech.com.br\/index.php?rest_route=\/wp\/v2\/product"}],"about":[{"href":"https:\/\/nordtech.com.br\/index.php?rest_route=\/wp\/v2\/types\/product"}],"replies":[{"embeddable":true,"href":"https:\/\/nordtech.com.br\/index.php?rest_route=%2Fwp%2Fv2%2Fcomments&post=3759"}],"wp:featuredmedia":[{"embeddable":true,"href":"https:\/\/nordtech.com.br\/index.php?rest_route=\/wp\/v2\/media\/3760"}],"wp:attachment":[{"href":"https:\/\/nordtech.com.br\/index.php?rest_route=%2Fwp%2Fv2%2Fmedia&parent=3759"}],"curies":[{"name":"wp","href":"https:\/\/api.w.org\/{rel}","templated":true}]}}