{"id":3746,"date":"2021-09-21T13:10:15","date_gmt":"2021-09-21T16:10:15","guid":{"rendered":"https:\/\/nordtech.com.br\/?post_type=product&#038;p=3746"},"modified":"2021-09-21T13:10:16","modified_gmt":"2021-09-21T16:10:16","slug":"distribuidor-4-vias-gardena","status":"publish","type":"product","link":"https:\/\/nordtech.com.br\/?product=distribuidor-4-vias-gardena","title":{"rendered":"Distribuidor 4 vias Gardena"},"content":{"rendered":"","protected":false},"excerpt":{"rendered":"<p>Distribuidor de \u00e1gua com 4 vias, permitindo at\u00e9 4 conex\u00f5es. Para mangueiras com 26.5mm e 33.3mm. Ideal para distribuir a \u00e1gua pelo seu jardim. Voc\u00ea pode conectar at\u00e9 quatro aparelhos nesse adaptador. Indicado para irrigar diversas \u00e1reas ao mesmo tempo.<\/p>\n<p>Caixa Master com 6 unidades.<\/p>\n","protected":false},"featured_media":3747,"comment_status":"open","ping_status":"closed","template":"","meta":[],"class_list":{"0":"post-3746","1":"product","2":"type-product","3":"status-publish","4":"has-post-thumbnail","6":"pwb-brand-gardena","7":"product_cat-linha-hidro","8":"product_cat-gardena","10":"first","11":"instock","12":"shipping-taxable","13":"product-type-simple"},"brands":[{"id":89,"name":"Gardena","slug":"gardena"}],"_links":{"self":[{"href":"https:\/\/nordtech.com.br\/index.php?rest_route=\/wp\/v2\/product\/3746","targetHints":{"allow":["GET"]}}],"collection":[{"href":"https:\/\/nordtech.com.br\/index.php?rest_route=\/wp\/v2\/product"}],"about":[{"href":"https:\/\/nordtech.com.br\/index.php?rest_route=\/wp\/v2\/types\/product"}],"replies":[{"embeddable":true,"href":"https:\/\/nordtech.com.br\/index.php?rest_route=%2Fwp%2Fv2%2Fcomments&post=3746"}],"wp:featuredmedia":[{"embeddable":true,"href":"https:\/\/nordtech.com.br\/index.php?rest_route=\/wp\/v2\/media\/3747"}],"wp:attachment":[{"href":"https:\/\/nordtech.com.br\/index.php?rest_route=%2Fwp%2Fv2%2Fmedia&parent=3746"}],"curies":[{"name":"wp","href":"https:\/\/api.w.org\/{rel}","templated":true}]}}