{"id":3744,"date":"2021-09-21T13:05:13","date_gmt":"2021-09-21T16:05:13","guid":{"rendered":"https:\/\/nordtech.com.br\/?post_type=product&#038;p=3744"},"modified":"2021-09-21T13:05:13","modified_gmt":"2021-09-21T16:05:13","slug":"aspersor-de-engrenagem-comfort-gardena","status":"publish","type":"product","link":"https:\/\/nordtech.com.br\/?product=aspersor-de-engrenagem-comfort-gardena","title":{"rendered":"Aspersor de Engrenagem Comfort Gardena"},"content":{"rendered":"","protected":false},"excerpt":{"rendered":"<p>Aspersor de Engrenagem Comfort, fabricado com pl\u00e1stico resistente, pode ser facilmente fixado na grama. Seu ajuste rotat\u00f3rio \u00e9 f\u00e1cil de usar para selecionar a \u00e1rea de irriga\u00e7\u00e3o. Com engate r\u00e1pido, pino de pl\u00e1stico e alcance de 5 a 12 m.\u00a0 Emite muito pouco ru\u00eddo e permite conex\u00e3o via conector 18201.<\/p>\n<p>Caixa Master com 5 unidades.<\/p>\n","protected":false},"featured_media":3745,"comment_status":"open","ping_status":"closed","template":"","meta":[],"class_list":{"0":"post-3744","1":"product","2":"type-product","3":"status-publish","4":"has-post-thumbnail","6":"pwb-brand-gardena","7":"product_cat-linha-hidro","8":"product_cat-gardena","10":"first","11":"instock","12":"shipping-taxable","13":"product-type-simple"},"brands":[{"id":89,"name":"Gardena","slug":"gardena"}],"_links":{"self":[{"href":"https:\/\/nordtech.com.br\/index.php?rest_route=\/wp\/v2\/product\/3744","targetHints":{"allow":["GET"]}}],"collection":[{"href":"https:\/\/nordtech.com.br\/index.php?rest_route=\/wp\/v2\/product"}],"about":[{"href":"https:\/\/nordtech.com.br\/index.php?rest_route=\/wp\/v2\/types\/product"}],"replies":[{"embeddable":true,"href":"https:\/\/nordtech.com.br\/index.php?rest_route=%2Fwp%2Fv2%2Fcomments&post=3744"}],"wp:featuredmedia":[{"embeddable":true,"href":"https:\/\/nordtech.com.br\/index.php?rest_route=\/wp\/v2\/media\/3745"}],"wp:attachment":[{"href":"https:\/\/nordtech.com.br\/index.php?rest_route=%2Fwp%2Fv2%2Fmedia&parent=3744"}],"curies":[{"name":"wp","href":"https:\/\/api.w.org\/{rel}","templated":true}]}}