{"id":3740,"date":"2021-09-21T12:37:37","date_gmt":"2021-09-21T15:37:37","guid":{"rendered":"https:\/\/nordtech.com.br\/?post_type=product&#038;p=3740"},"modified":"2021-09-21T12:37:37","modified_gmt":"2021-09-21T15:37:37","slug":"kit-porta-mangueira-gardena-60hg","status":"publish","type":"product","link":"https:\/\/nordtech.com.br\/?product=kit-porta-mangueira-gardena-60hg","title":{"rendered":"Kit Porta Mangueira Gardena 60HG"},"content":{"rendered":"","protected":false},"excerpt":{"rendered":"<p>Kit Porta Mangueira, com rodas que proporcionam um transporte c\u00f4modo, armazenamento compacto e n\u00e3o deixa a mangueira dobrar. Com trava para evitar derramamento de \u00e1gua durante o transporte.<\/p>\n<p>Comprimento da mangueira: 20m<\/p>\n<p>Di\u00e2metro da mangueira: 13mm<\/p>\n<p>Capacidade m\u00e1xima:<\/p>\n<p>60m &#8211; 13mm<\/p>\n<p>50m &#8211; 15mm<\/p>\n<p>35m &#8211; 19mm<\/p>\n","protected":false},"featured_media":3741,"comment_status":"open","ping_status":"closed","template":"","meta":[],"class_list":{"0":"post-3740","1":"product","2":"type-product","3":"status-publish","4":"has-post-thumbnail","6":"pwb-brand-gardena","7":"product_cat-linha-hidro","8":"product_cat-gardena","10":"first","11":"instock","12":"shipping-taxable","13":"product-type-simple"},"brands":[{"id":89,"name":"Gardena","slug":"gardena"}],"_links":{"self":[{"href":"https:\/\/nordtech.com.br\/index.php?rest_route=\/wp\/v2\/product\/3740","targetHints":{"allow":["GET"]}}],"collection":[{"href":"https:\/\/nordtech.com.br\/index.php?rest_route=\/wp\/v2\/product"}],"about":[{"href":"https:\/\/nordtech.com.br\/index.php?rest_route=\/wp\/v2\/types\/product"}],"replies":[{"embeddable":true,"href":"https:\/\/nordtech.com.br\/index.php?rest_route=%2Fwp%2Fv2%2Fcomments&post=3740"}],"wp:featuredmedia":[{"embeddable":true,"href":"https:\/\/nordtech.com.br\/index.php?rest_route=\/wp\/v2\/media\/3741"}],"wp:attachment":[{"href":"https:\/\/nordtech.com.br\/index.php?rest_route=%2Fwp%2Fv2%2Fmedia&parent=3740"}],"curies":[{"name":"wp","href":"https:\/\/api.w.org\/{rel}","templated":true}]}}