{"id":3735,"date":"2021-09-21T11:49:43","date_gmt":"2021-09-21T14:49:43","guid":{"rendered":"https:\/\/nordtech.com.br\/?post_type=product&#038;p=3735"},"modified":"2021-09-21T11:49:44","modified_gmt":"2021-09-21T14:49:44","slug":"limpa-vidro-articulado-gardena","status":"publish","type":"product","link":"https:\/\/nordtech.com.br\/?product=limpa-vidro-articulado-gardena","title":{"rendered":"Limpa Vidro Articulado Gardena"},"content":{"rendered":"","protected":false},"excerpt":{"rendered":"<p>Limpa Vidro Articulado, com borda em borracha de alta qualidade. Lave e limpe com um s\u00f3 produto. Conectado \u00e0 \u00e1gua &#8211; para uso como ferramenta manual ou ferramenta com cabo. Pode ser usado com todos os sistemas originais Gardena Cleansystem.<\/p>\n<p>Caixa Master com 4 unidades.<\/p>\n","protected":false},"featured_media":3737,"comment_status":"open","ping_status":"closed","template":"","meta":[],"class_list":{"0":"post-3735","1":"product","2":"type-product","3":"status-publish","4":"has-post-thumbnail","6":"pwb-brand-gardena","7":"product_cat-linha-hidro","8":"product_cat-gardena","10":"first","11":"instock","12":"shipping-taxable","13":"product-type-simple"},"brands":[{"id":89,"name":"Gardena","slug":"gardena"}],"_links":{"self":[{"href":"https:\/\/nordtech.com.br\/index.php?rest_route=\/wp\/v2\/product\/3735","targetHints":{"allow":["GET"]}}],"collection":[{"href":"https:\/\/nordtech.com.br\/index.php?rest_route=\/wp\/v2\/product"}],"about":[{"href":"https:\/\/nordtech.com.br\/index.php?rest_route=\/wp\/v2\/types\/product"}],"replies":[{"embeddable":true,"href":"https:\/\/nordtech.com.br\/index.php?rest_route=%2Fwp%2Fv2%2Fcomments&post=3735"}],"wp:featuredmedia":[{"embeddable":true,"href":"https:\/\/nordtech.com.br\/index.php?rest_route=\/wp\/v2\/media\/3737"}],"wp:attachment":[{"href":"https:\/\/nordtech.com.br\/index.php?rest_route=%2Fwp%2Fv2%2Fmedia&parent=3735"}],"curies":[{"name":"wp","href":"https:\/\/api.w.org\/{rel}","templated":true}]}}