{"id":3733,"date":"2021-09-21T11:35:43","date_gmt":"2021-09-21T14:35:43","guid":{"rendered":"https:\/\/nordtech.com.br\/?post_type=product&#038;p=3733"},"modified":"2021-09-21T11:35:44","modified_gmt":"2021-09-21T14:35:44","slug":"cabo-combisystem-gardena","status":"publish","type":"product","link":"https:\/\/nordtech.com.br\/?product=cabo-combisystem-gardena","title":{"rendered":"Cabo Combisystem Gardena"},"content":{"rendered":"","protected":false},"excerpt":{"rendered":"<p>Cabo Combisystem, fabricado em madeira com 150 cm de comprimento. Com o Cabo Gardena Combisystem, todas as ferramentas combisystem podem ser estendidas. Sua madeira de alta qualidade absorve boa parte das vibra\u00e7\u00f5es e tem certifica\u00e7\u00e3o FSC.<\/p>\n<p>Caixa Master com 10 unidades.<\/p>\n","protected":false},"featured_media":3734,"comment_status":"open","ping_status":"closed","template":"","meta":[],"class_list":{"0":"post-3733","1":"product","2":"type-product","3":"status-publish","4":"has-post-thumbnail","6":"pwb-brand-gardena","7":"product_cat-linha-hidro","8":"product_cat-gardena","10":"first","11":"instock","12":"shipping-taxable","13":"product-type-simple"},"brands":[{"id":89,"name":"Gardena","slug":"gardena"}],"_links":{"self":[{"href":"https:\/\/nordtech.com.br\/index.php?rest_route=\/wp\/v2\/product\/3733","targetHints":{"allow":["GET"]}}],"collection":[{"href":"https:\/\/nordtech.com.br\/index.php?rest_route=\/wp\/v2\/product"}],"about":[{"href":"https:\/\/nordtech.com.br\/index.php?rest_route=\/wp\/v2\/types\/product"}],"replies":[{"embeddable":true,"href":"https:\/\/nordtech.com.br\/index.php?rest_route=%2Fwp%2Fv2%2Fcomments&post=3733"}],"wp:featuredmedia":[{"embeddable":true,"href":"https:\/\/nordtech.com.br\/index.php?rest_route=\/wp\/v2\/media\/3734"}],"wp:attachment":[{"href":"https:\/\/nordtech.com.br\/index.php?rest_route=%2Fwp%2Fv2%2Fmedia&parent=3733"}],"curies":[{"name":"wp","href":"https:\/\/api.w.org\/{rel}","templated":true}]}}