{"id":3731,"date":"2021-09-21T11:23:21","date_gmt":"2021-09-21T14:23:21","guid":{"rendered":"https:\/\/nordtech.com.br\/?post_type=product&#038;p=3731"},"modified":"2021-09-21T11:23:21","modified_gmt":"2021-09-21T14:23:21","slug":"arejador-de-grama-cilindrico-gardena","status":"publish","type":"product","link":"https:\/\/nordtech.com.br\/?product=arejador-de-grama-cilindrico-gardena","title":{"rendered":"Arejador de Grama Cil\u00edndrico Gardena"},"content":{"rendered":"","protected":false},"excerpt":{"rendered":"<p>Arejador de Grama Cil\u00edndrico, leve e f\u00e1cil de usar possui l\u00e2mina especial de a\u00e7o. Remove musgo, melhora o ar, a rega e a absor\u00e7\u00e3o de nutrientes da grama.<\/p>\n<p>Caixa Master com 3 unidades.<\/p>\n","protected":false},"featured_media":3732,"comment_status":"open","ping_status":"closed","template":"","meta":[],"class_list":{"0":"post-3731","1":"product","2":"type-product","3":"status-publish","4":"has-post-thumbnail","6":"pwb-brand-gardena","7":"product_cat-linha-jardim","8":"product_cat-gardena","10":"first","11":"instock","12":"shipping-taxable","13":"product-type-simple"},"brands":[{"id":89,"name":"Gardena","slug":"gardena"}],"_links":{"self":[{"href":"https:\/\/nordtech.com.br\/index.php?rest_route=\/wp\/v2\/product\/3731","targetHints":{"allow":["GET"]}}],"collection":[{"href":"https:\/\/nordtech.com.br\/index.php?rest_route=\/wp\/v2\/product"}],"about":[{"href":"https:\/\/nordtech.com.br\/index.php?rest_route=\/wp\/v2\/types\/product"}],"replies":[{"embeddable":true,"href":"https:\/\/nordtech.com.br\/index.php?rest_route=%2Fwp%2Fv2%2Fcomments&post=3731"}],"wp:featuredmedia":[{"embeddable":true,"href":"https:\/\/nordtech.com.br\/index.php?rest_route=\/wp\/v2\/media\/3732"}],"wp:attachment":[{"href":"https:\/\/nordtech.com.br\/index.php?rest_route=%2Fwp%2Fv2%2Fmedia&parent=3731"}],"curies":[{"name":"wp","href":"https:\/\/api.w.org\/{rel}","templated":true}]}}