{"id":3723,"date":"2021-09-21T09:54:32","date_gmt":"2021-09-21T12:54:32","guid":{"rendered":"https:\/\/nordtech.com.br\/?post_type=product&#038;p=3723"},"modified":"2021-09-21T09:54:32","modified_gmt":"2021-09-21T12:54:32","slug":"ligacao-universal-para-mangueira-gardena","status":"publish","type":"product","link":"https:\/\/nordtech.com.br\/?product=ligacao-universal-para-mangueira-gardena","title":{"rendered":"Liga\u00e7\u00e3o Universal para Mangueira Gardena"},"content":{"rendered":"","protected":false},"excerpt":{"rendered":"<p>Liga\u00e7\u00e3o Universal para Mangueiras de di\u00e2metro de 15 a 20 mm. O conector de mangueira Gardena \u00e9 resistente \u00e0 corros\u00e3o e pode ser acoplado sem ferramentas. Voc\u00ea pode anex\u00e1-lo a uma mangueira sem malha.<\/p>\n<p>Caixa Master com 10 unidades.<\/p>\n","protected":false},"featured_media":3724,"comment_status":"open","ping_status":"closed","template":"","meta":[],"class_list":{"0":"post-3723","1":"product","2":"type-product","3":"status-publish","4":"has-post-thumbnail","6":"pwb-brand-gardena","7":"product_cat-linha-hidro","8":"product_cat-gardena","10":"first","11":"instock","12":"shipping-taxable","13":"product-type-simple"},"brands":[{"id":89,"name":"Gardena","slug":"gardena"}],"_links":{"self":[{"href":"https:\/\/nordtech.com.br\/index.php?rest_route=\/wp\/v2\/product\/3723","targetHints":{"allow":["GET"]}}],"collection":[{"href":"https:\/\/nordtech.com.br\/index.php?rest_route=\/wp\/v2\/product"}],"about":[{"href":"https:\/\/nordtech.com.br\/index.php?rest_route=\/wp\/v2\/types\/product"}],"replies":[{"embeddable":true,"href":"https:\/\/nordtech.com.br\/index.php?rest_route=%2Fwp%2Fv2%2Fcomments&post=3723"}],"wp:featuredmedia":[{"embeddable":true,"href":"https:\/\/nordtech.com.br\/index.php?rest_route=\/wp\/v2\/media\/3724"}],"wp:attachment":[{"href":"https:\/\/nordtech.com.br\/index.php?rest_route=%2Fwp%2Fv2%2Fmedia&parent=3723"}],"curies":[{"name":"wp","href":"https:\/\/api.w.org\/{rel}","templated":true}]}}