{"id":3720,"date":"2021-09-21T09:47:06","date_gmt":"2021-09-21T12:47:06","guid":{"rendered":"https:\/\/nordtech.com.br\/?post_type=product&#038;p=3720"},"modified":"2021-09-21T09:47:06","modified_gmt":"2021-09-21T12:47:06","slug":"aspersor-estatico-circular-confort-samba-gardena","status":"publish","type":"product","link":"https:\/\/nordtech.com.br\/?product=aspersor-estatico-circular-confort-samba-gardena","title":{"rendered":"Aspersor Est\u00e1tico Circular Confort Samba Gardena"},"content":{"rendered":"","protected":false},"excerpt":{"rendered":"<p>Aspersor Est\u00e1tico Circular Confort Samba, com alcance do spray de 3 a 18 metros. Indicado para \u00e1reas pequenas e m\u00e9dias, possui base s\u00f3lida que garante opera\u00e7\u00e3o est\u00e1vel e m\u00f3vel. Possui um filtro de sujeira remov\u00edvel bastante pr\u00e1tico.<\/p>\n<p>Caixa Master com 4 unidades.<\/p>\n","protected":false},"featured_media":3721,"comment_status":"open","ping_status":"closed","template":"","meta":[],"class_list":{"0":"post-3720","1":"product","2":"type-product","3":"status-publish","4":"has-post-thumbnail","6":"pwb-brand-gardena","7":"product_cat-linha-hidro","8":"product_cat-gardena","10":"first","11":"instock","12":"shipping-taxable","13":"product-type-simple"},"brands":[{"id":89,"name":"Gardena","slug":"gardena"}],"_links":{"self":[{"href":"https:\/\/nordtech.com.br\/index.php?rest_route=\/wp\/v2\/product\/3720","targetHints":{"allow":["GET"]}}],"collection":[{"href":"https:\/\/nordtech.com.br\/index.php?rest_route=\/wp\/v2\/product"}],"about":[{"href":"https:\/\/nordtech.com.br\/index.php?rest_route=\/wp\/v2\/types\/product"}],"replies":[{"embeddable":true,"href":"https:\/\/nordtech.com.br\/index.php?rest_route=%2Fwp%2Fv2%2Fcomments&post=3720"}],"wp:featuredmedia":[{"embeddable":true,"href":"https:\/\/nordtech.com.br\/index.php?rest_route=\/wp\/v2\/media\/3721"}],"wp:attachment":[{"href":"https:\/\/nordtech.com.br\/index.php?rest_route=%2Fwp%2Fv2%2Fmedia&parent=3720"}],"curies":[{"name":"wp","href":"https:\/\/api.w.org\/{rel}","templated":true}]}}