{"id":3718,"date":"2021-09-21T09:32:46","date_gmt":"2021-09-21T12:32:46","guid":{"rendered":"https:\/\/nordtech.com.br\/?post_type=product&#038;p=3718"},"modified":"2021-09-21T09:32:46","modified_gmt":"2021-09-21T12:32:46","slug":"aspersor-difusor-gardena","status":"publish","type":"product","link":"https:\/\/nordtech.com.br\/?product=aspersor-difusor-gardena","title":{"rendered":"Aspersor Difusor Gardena"},"content":{"rendered":"","protected":false},"excerpt":{"rendered":"<p>Aspersor Difusor, com di\u00e2metro m\u00e1ximo de 11 metros. Indicado para regar \u00e1reas pequenas, como flores, vegetais e jardins.<\/p>\n<p>Caixa Master com 6 unidades.<\/p>\n","protected":false},"featured_media":3719,"comment_status":"open","ping_status":"closed","template":"","meta":[],"class_list":{"0":"post-3718","1":"product","2":"type-product","3":"status-publish","4":"has-post-thumbnail","6":"pwb-brand-gardena","7":"product_cat-linha-hidro","8":"product_cat-gardena","10":"first","11":"instock","12":"shipping-taxable","13":"product-type-simple"},"brands":[{"id":89,"name":"Gardena","slug":"gardena"}],"_links":{"self":[{"href":"https:\/\/nordtech.com.br\/index.php?rest_route=\/wp\/v2\/product\/3718","targetHints":{"allow":["GET"]}}],"collection":[{"href":"https:\/\/nordtech.com.br\/index.php?rest_route=\/wp\/v2\/product"}],"about":[{"href":"https:\/\/nordtech.com.br\/index.php?rest_route=\/wp\/v2\/types\/product"}],"replies":[{"embeddable":true,"href":"https:\/\/nordtech.com.br\/index.php?rest_route=%2Fwp%2Fv2%2Fcomments&post=3718"}],"wp:featuredmedia":[{"embeddable":true,"href":"https:\/\/nordtech.com.br\/index.php?rest_route=\/wp\/v2\/media\/3719"}],"wp:attachment":[{"href":"https:\/\/nordtech.com.br\/index.php?rest_route=%2Fwp%2Fv2%2Fmedia&parent=3718"}],"curies":[{"name":"wp","href":"https:\/\/api.w.org\/{rel}","templated":true}]}}