{"id":3689,"date":"2021-09-17T13:07:59","date_gmt":"2021-09-17T16:07:59","guid":{"rendered":"https:\/\/nordtech.com.br\/?post_type=product&#038;p=3689"},"modified":"2021-09-20T11:48:43","modified_gmt":"2021-09-20T14:48:43","slug":"chuveiro-de-praia-base-estaca","status":"publish","type":"product","link":"https:\/\/nordtech.com.br\/?product=chuveiro-de-praia-base-estaca","title":{"rendered":"Chuveiro de Praia Base Estaca"},"content":{"rendered":"","protected":false},"excerpt":{"rendered":"<p>Chuveiro de Praia Base Estaca, com v\u00e1lvula para regular o fluxo de \u00e1gua. F\u00e1cil de instalar, sua estaca garante uma fixa\u00e7\u00e3o firme na grama ou na \u00e1rea.<\/p>\n<p>Caixa Master com 10 unidades.<\/p>\n","protected":false},"featured_media":3690,"comment_status":"open","ping_status":"closed","template":"","meta":[],"class_list":{"0":"post-3689","1":"product","2":"type-product","3":"status-publish","4":"has-post-thumbnail","6":"pwb-brand-gardena","7":"product_cat-linha-hidro","8":"product_cat-gardena","10":"first","11":"instock","12":"shipping-taxable","13":"product-type-simple"},"brands":[{"id":89,"name":"Gardena","slug":"gardena"}],"_links":{"self":[{"href":"https:\/\/nordtech.com.br\/index.php?rest_route=\/wp\/v2\/product\/3689","targetHints":{"allow":["GET"]}}],"collection":[{"href":"https:\/\/nordtech.com.br\/index.php?rest_route=\/wp\/v2\/product"}],"about":[{"href":"https:\/\/nordtech.com.br\/index.php?rest_route=\/wp\/v2\/types\/product"}],"replies":[{"embeddable":true,"href":"https:\/\/nordtech.com.br\/index.php?rest_route=%2Fwp%2Fv2%2Fcomments&post=3689"}],"wp:featuredmedia":[{"embeddable":true,"href":"https:\/\/nordtech.com.br\/index.php?rest_route=\/wp\/v2\/media\/3690"}],"wp:attachment":[{"href":"https:\/\/nordtech.com.br\/index.php?rest_route=%2Fwp%2Fv2%2Fmedia&parent=3689"}],"curies":[{"name":"wp","href":"https:\/\/api.w.org\/{rel}","templated":true}]}}