{"id":3685,"date":"2021-09-17T09:20:04","date_gmt":"2021-09-17T12:20:04","guid":{"rendered":"https:\/\/nordtech.com.br\/?post_type=product&#038;p=3685"},"modified":"2021-09-17T09:20:05","modified_gmt":"2021-09-17T12:20:05","slug":"cercadura-para-gramado-gardena-20x9cm","status":"publish","type":"product","link":"https:\/\/nordtech.com.br\/?product=cercadura-para-gramado-gardena-20x9cm","title":{"rendered":"Cercadura Para Gramado Gardena 20x9cm"},"content":{"rendered":"","protected":false},"excerpt":{"rendered":"<p>Cercadura Para Gramado, 20x9cm.<\/p>\n<p>Sem crescimento excessivo<\/p>\n<p>Devido aos separadores de gramado, tudo fica onde deveria estar e evita o crescimento excessivo.<\/p>\n<p>Opticamente discreto<\/p>\n<p>Os separadores de gramado se misturam com as superf\u00edcies naturais circundantes. Bordas limpas Com esses separadores de gramado, voc\u00ea pode criar bordas limpas de maneira r\u00e1pida e f\u00e1cil para obter uma apar\u00eancia agrad\u00e1vel e limpa.<\/p>\n<p>Caixa Master com 6 unidades.<\/p>\n","protected":false},"featured_media":3686,"comment_status":"open","ping_status":"closed","template":"","meta":[],"class_list":{"0":"post-3685","1":"product","2":"type-product","3":"status-publish","4":"has-post-thumbnail","6":"pwb-brand-gardena","7":"product_cat-linha-hidro","8":"product_cat-gardena","10":"first","11":"instock","12":"shipping-taxable","13":"product-type-simple"},"brands":[{"id":89,"name":"Gardena","slug":"gardena"}],"_links":{"self":[{"href":"https:\/\/nordtech.com.br\/index.php?rest_route=\/wp\/v2\/product\/3685","targetHints":{"allow":["GET"]}}],"collection":[{"href":"https:\/\/nordtech.com.br\/index.php?rest_route=\/wp\/v2\/product"}],"about":[{"href":"https:\/\/nordtech.com.br\/index.php?rest_route=\/wp\/v2\/types\/product"}],"replies":[{"embeddable":true,"href":"https:\/\/nordtech.com.br\/index.php?rest_route=%2Fwp%2Fv2%2Fcomments&post=3685"}],"wp:featuredmedia":[{"embeddable":true,"href":"https:\/\/nordtech.com.br\/index.php?rest_route=\/wp\/v2\/media\/3686"}],"wp:attachment":[{"href":"https:\/\/nordtech.com.br\/index.php?rest_route=%2Fwp%2Fv2%2Fmedia&parent=3685"}],"curies":[{"name":"wp","href":"https:\/\/api.w.org\/{rel}","templated":true}]}}