{"id":3660,"date":"2021-09-16T17:25:57","date_gmt":"2021-09-16T20:25:57","guid":{"rendered":"https:\/\/nordtech.com.br\/?post_type=product&#038;p=3660"},"modified":"2021-09-16T17:25:57","modified_gmt":"2021-09-16T20:25:57","slug":"luva-de-jardinagem-gardena-tam-g","status":"publish","type":"product","link":"https:\/\/nordtech.com.br\/?product=luva-de-jardinagem-gardena-tam-g","title":{"rendered":"Luva de Jardinagem Gardena &#8211; Tam. G"},"content":{"rendered":"","protected":false},"excerpt":{"rendered":"<p>Luva de Jardinagem Gardena, tamanho G.\u00a0Fabricada em nylon el\u00e1stico, oferece prote\u00e7\u00e3o especial para jardinagem e trabalho em condi\u00e7\u00f5es \u00famidas e molhadas. Possui camada \u00e0 prova d&#8217;\u00e1gua na palma e dedos e refor\u00e7o na ponta dos dedos.<\/p>\n<p>Caixa Master com 6 unidades.<\/p>\n","protected":false},"featured_media":3679,"comment_status":"open","ping_status":"closed","template":"","meta":[],"class_list":{"0":"post-3660","1":"product","2":"type-product","3":"status-publish","4":"has-post-thumbnail","6":"pwb-brand-gardena","7":"product_cat-linha-hidro","8":"product_cat-gardena","10":"first","11":"instock","12":"shipping-taxable","13":"product-type-simple"},"brands":[{"id":89,"name":"Gardena","slug":"gardena"}],"_links":{"self":[{"href":"https:\/\/nordtech.com.br\/index.php?rest_route=\/wp\/v2\/product\/3660","targetHints":{"allow":["GET"]}}],"collection":[{"href":"https:\/\/nordtech.com.br\/index.php?rest_route=\/wp\/v2\/product"}],"about":[{"href":"https:\/\/nordtech.com.br\/index.php?rest_route=\/wp\/v2\/types\/product"}],"replies":[{"embeddable":true,"href":"https:\/\/nordtech.com.br\/index.php?rest_route=%2Fwp%2Fv2%2Fcomments&post=3660"}],"wp:featuredmedia":[{"embeddable":true,"href":"https:\/\/nordtech.com.br\/index.php?rest_route=\/wp\/v2\/media\/3679"}],"wp:attachment":[{"href":"https:\/\/nordtech.com.br\/index.php?rest_route=%2Fwp%2Fv2%2Fmedia&parent=3660"}],"curies":[{"name":"wp","href":"https:\/\/api.w.org\/{rel}","templated":true}]}}