{"id":3498,"date":"2021-08-26T16:48:26","date_gmt":"2021-08-26T19:48:26","guid":{"rendered":"https:\/\/nordtech.com.br\/?post_type=product&#038;p=3498"},"modified":"2021-08-26T16:48:26","modified_gmt":"2021-08-26T19:48:26","slug":"chaveta-do-volante-oregon","status":"publish","type":"product","link":"https:\/\/nordtech.com.br\/?product=chaveta-do-volante-oregon","title":{"rendered":"Chaveta do Volante Oregon"},"content":{"rendered":"","protected":false},"excerpt":{"rendered":"<p>Chaveta do volante Oregon &#8211; Intercambi\u00e1vel: Briggs 222698, 298698S, 61760.<\/p>\n<p>Aplic\u00e1vel em Motores com igni\u00e7\u00e3o eletr\u00f4nica.<\/p>\n","protected":false},"featured_media":3499,"comment_status":"open","ping_status":"closed","template":"","meta":[],"class_list":{"0":"post-3498","1":"product","2":"type-product","3":"status-publish","4":"has-post-thumbnail","6":"pwb-brand-oregon","7":"product_cat-oep","8":"product_cat-oregon","10":"first","11":"instock","12":"shipping-taxable","13":"product-type-simple"},"brands":[{"id":109,"name":"Oregon","slug":"oregon"}],"_links":{"self":[{"href":"https:\/\/nordtech.com.br\/index.php?rest_route=\/wp\/v2\/product\/3498","targetHints":{"allow":["GET"]}}],"collection":[{"href":"https:\/\/nordtech.com.br\/index.php?rest_route=\/wp\/v2\/product"}],"about":[{"href":"https:\/\/nordtech.com.br\/index.php?rest_route=\/wp\/v2\/types\/product"}],"replies":[{"embeddable":true,"href":"https:\/\/nordtech.com.br\/index.php?rest_route=%2Fwp%2Fv2%2Fcomments&post=3498"}],"wp:featuredmedia":[{"embeddable":true,"href":"https:\/\/nordtech.com.br\/index.php?rest_route=\/wp\/v2\/media\/3499"}],"wp:attachment":[{"href":"https:\/\/nordtech.com.br\/index.php?rest_route=%2Fwp%2Fv2%2Fmedia&parent=3498"}],"curies":[{"name":"wp","href":"https:\/\/api.w.org\/{rel}","templated":true}]}}