{"id":3492,"date":"2021-08-26T16:36:26","date_gmt":"2021-08-26T19:36:26","guid":{"rendered":"https:\/\/nordtech.com.br\/?post_type=product&#038;p=3492"},"modified":"2021-08-26T16:36:26","modified_gmt":"2021-08-26T19:36:26","slug":"mangueira-de-combustivel-oregon","status":"publish","type":"product","link":"https:\/\/nordtech.com.br\/?product=mangueira-de-combustivel-oregon","title":{"rendered":"Mangueira de Combust\u00edvel Oregon"},"content":{"rendered":"","protected":false},"excerpt":{"rendered":"<p>Mangueira de Combust\u00edvel Oregon &#8211; Intercambi\u00e1vel: Shindaiwa 20011-8545.<\/p>\n<p>Aplic\u00e1vel em Shindaiwa T25, T27, C35, B45.<\/p>\n","protected":false},"featured_media":3493,"comment_status":"open","ping_status":"closed","template":"","meta":[],"class_list":{"0":"post-3492","1":"product","2":"type-product","3":"status-publish","4":"has-post-thumbnail","6":"pwb-brand-oregon","7":"product_cat-oep","8":"product_cat-oregon","10":"first","11":"instock","12":"shipping-taxable","13":"product-type-simple"},"brands":[{"id":109,"name":"Oregon","slug":"oregon"}],"_links":{"self":[{"href":"https:\/\/nordtech.com.br\/index.php?rest_route=\/wp\/v2\/product\/3492","targetHints":{"allow":["GET"]}}],"collection":[{"href":"https:\/\/nordtech.com.br\/index.php?rest_route=\/wp\/v2\/product"}],"about":[{"href":"https:\/\/nordtech.com.br\/index.php?rest_route=\/wp\/v2\/types\/product"}],"replies":[{"embeddable":true,"href":"https:\/\/nordtech.com.br\/index.php?rest_route=%2Fwp%2Fv2%2Fcomments&post=3492"}],"wp:featuredmedia":[{"embeddable":true,"href":"https:\/\/nordtech.com.br\/index.php?rest_route=\/wp\/v2\/media\/3493"}],"wp:attachment":[{"href":"https:\/\/nordtech.com.br\/index.php?rest_route=%2Fwp%2Fv2%2Fmedia&parent=3492"}],"curies":[{"name":"wp","href":"https:\/\/api.w.org\/{rel}","templated":true}]}}