{"id":3490,"date":"2021-08-26T16:32:56","date_gmt":"2021-08-26T19:32:56","guid":{"rendered":"https:\/\/nordtech.com.br\/?post_type=product&#038;p=3490"},"modified":"2021-08-26T16:32:56","modified_gmt":"2021-08-26T19:32:56","slug":"filtro-de-combustivel-oregon","status":"publish","type":"product","link":"https:\/\/nordtech.com.br\/?product=filtro-de-combustivel-oregon","title":{"rendered":"Filtro de Combust\u00edvel Oregon"},"content":{"rendered":"","protected":false},"excerpt":{"rendered":"<p>Filtro de Combust\u00edvel Oregon &#8211; Intercambi\u00e1vel: Briggs 493629, 691035.<\/p>\n<p>Aplica\u00e7\u00e3o: 80 microns e Filtro para mangueira de 1\/4.<\/p>\n","protected":false},"featured_media":3491,"comment_status":"open","ping_status":"closed","template":"","meta":[],"class_list":{"0":"post-3490","1":"product","2":"type-product","3":"status-publish","4":"has-post-thumbnail","6":"pwb-brand-oregon","7":"product_cat-oep","8":"product_cat-oregon","10":"first","11":"instock","12":"shipping-taxable","13":"product-type-simple"},"brands":[{"id":109,"name":"Oregon","slug":"oregon"}],"_links":{"self":[{"href":"https:\/\/nordtech.com.br\/index.php?rest_route=\/wp\/v2\/product\/3490","targetHints":{"allow":["GET"]}}],"collection":[{"href":"https:\/\/nordtech.com.br\/index.php?rest_route=\/wp\/v2\/product"}],"about":[{"href":"https:\/\/nordtech.com.br\/index.php?rest_route=\/wp\/v2\/types\/product"}],"replies":[{"embeddable":true,"href":"https:\/\/nordtech.com.br\/index.php?rest_route=%2Fwp%2Fv2%2Fcomments&post=3490"}],"wp:featuredmedia":[{"embeddable":true,"href":"https:\/\/nordtech.com.br\/index.php?rest_route=\/wp\/v2\/media\/3491"}],"wp:attachment":[{"href":"https:\/\/nordtech.com.br\/index.php?rest_route=%2Fwp%2Fv2%2Fmedia&parent=3490"}],"curies":[{"name":"wp","href":"https:\/\/api.w.org\/{rel}","templated":true}]}}