{"id":3472,"date":"2021-08-26T12:31:51","date_gmt":"2021-08-26T15:31:51","guid":{"rendered":"https:\/\/nordtech.com.br\/?post_type=product&#038;p=3472"},"modified":"2021-08-26T12:31:52","modified_gmt":"2021-08-26T15:31:52","slug":"vela-de-ignicao-oregon-rcj8y","status":"publish","type":"product","link":"https:\/\/nordtech.com.br\/?product=vela-de-ignicao-oregon-rcj8y","title":{"rendered":"Vela de Igni\u00e7\u00e3o Oregon &#8211; RCJ8Y"},"content":{"rendered":"","protected":false},"excerpt":{"rendered":"<p>Vela Oregon RCJ8Y de A\u00e7o Banhada \u00e0 Niquel-Zinco, super resistente \u00e0 Corros\u00e3o. Proporciona F\u00e1cil partida mesmo em clima frio e um \u00f3timo desempenho do motor. Isolador em alum\u00ednio, proporcionando excelente dissipa\u00e7\u00e3o t\u00e9rmica, isolamento el\u00e9trico e resist\u00eancia aos choques t\u00e9rmicos. Com eletrodo tipo B, possui rosca M14x1.25 e Chave hexagonal 19 &#8211; 3\/4\u201d.<\/p>\n<p>Compat\u00edvel com Motosserras e Ro\u00e7adeiras Stihl, Husqvarna, Maruyama, Tekna, Toyama, Oleomac, Toyama BT40AE, AT600G, ST26G, TG38VDT, entre outros.<\/p>\n","protected":false},"featured_media":3473,"comment_status":"open","ping_status":"closed","template":"","meta":[],"class_list":{"0":"post-3472","1":"product","2":"type-product","3":"status-publish","4":"has-post-thumbnail","6":"pwb-brand-oregon","7":"product_cat-motosserra-oregon","8":"product_cat-oregon","10":"first","11":"instock","12":"shipping-taxable","13":"product-type-simple"},"brands":[{"id":109,"name":"Oregon","slug":"oregon"}],"_links":{"self":[{"href":"https:\/\/nordtech.com.br\/index.php?rest_route=\/wp\/v2\/product\/3472","targetHints":{"allow":["GET"]}}],"collection":[{"href":"https:\/\/nordtech.com.br\/index.php?rest_route=\/wp\/v2\/product"}],"about":[{"href":"https:\/\/nordtech.com.br\/index.php?rest_route=\/wp\/v2\/types\/product"}],"replies":[{"embeddable":true,"href":"https:\/\/nordtech.com.br\/index.php?rest_route=%2Fwp%2Fv2%2Fcomments&post=3472"}],"wp:featuredmedia":[{"embeddable":true,"href":"https:\/\/nordtech.com.br\/index.php?rest_route=\/wp\/v2\/media\/3473"}],"wp:attachment":[{"href":"https:\/\/nordtech.com.br\/index.php?rest_route=%2Fwp%2Fv2%2Fmedia&parent=3472"}],"curies":[{"name":"wp","href":"https:\/\/api.w.org\/{rel}","templated":true}]}}