{"id":3329,"date":"2021-08-10T16:05:50","date_gmt":"2021-08-10T19:05:50","guid":{"rendered":"https:\/\/nordtech.com.br\/?post_type=product&#038;p=3329"},"modified":"2021-08-10T16:05:51","modified_gmt":"2021-08-10T19:05:51","slug":"podador-telescopico-a-bateria-oregon-sem-bateria-e-carregador","status":"publish","type":"product","link":"https:\/\/nordtech.com.br\/?product=podador-telescopico-a-bateria-oregon-sem-bateria-e-carregador","title":{"rendered":"Podador Telesc\u00f3pico a Bateria Oregon \u2013 Sem Bateria e Carregador"},"content":{"rendered":"","protected":false},"excerpt":{"rendered":"<p>Podador Telesc\u00f3pico a Bateria com Sabre de 20 cm. Possui eixo de transmiss\u00e3o de alum\u00ednio estriado, com montagem central do motor que permite melhor regulagem para o corte. Tem excelente ergonomia alcan\u00e7ada atrav\u00e9s de redu\u00e7\u00e3o de peso elevado. Observa\u00e7\u00e3o: Este item n\u00e3o acompanha Bateria e Carregador.<\/p>\n<p>Ideal para poda de galhos de \u00e1rvores.<\/p>\n","protected":false},"featured_media":3330,"comment_status":"open","ping_status":"closed","template":"","meta":[],"class_list":{"0":"post-3329","1":"product","2":"type-product","3":"status-publish","4":"has-post-thumbnail","6":"pwb-brand-oregon","7":"product_cat-maquinas","8":"product_cat-oregon","10":"first","11":"instock","12":"shipping-taxable","13":"product-type-simple"},"brands":[{"id":109,"name":"Oregon","slug":"oregon"}],"_links":{"self":[{"href":"https:\/\/nordtech.com.br\/index.php?rest_route=\/wp\/v2\/product\/3329","targetHints":{"allow":["GET"]}}],"collection":[{"href":"https:\/\/nordtech.com.br\/index.php?rest_route=\/wp\/v2\/product"}],"about":[{"href":"https:\/\/nordtech.com.br\/index.php?rest_route=\/wp\/v2\/types\/product"}],"replies":[{"embeddable":true,"href":"https:\/\/nordtech.com.br\/index.php?rest_route=%2Fwp%2Fv2%2Fcomments&post=3329"}],"wp:featuredmedia":[{"embeddable":true,"href":"https:\/\/nordtech.com.br\/index.php?rest_route=\/wp\/v2\/media\/3330"}],"wp:attachment":[{"href":"https:\/\/nordtech.com.br\/index.php?rest_route=%2Fwp%2Fv2%2Fmedia&parent=3329"}],"curies":[{"name":"wp","href":"https:\/\/api.w.org\/{rel}","templated":true}]}}