{"id":3325,"date":"2021-08-10T15:38:15","date_gmt":"2021-08-10T18:38:15","guid":{"rendered":"https:\/\/nordtech.com.br\/?post_type=product&#038;p=3325"},"modified":"2021-08-10T15:38:15","modified_gmt":"2021-08-10T18:38:15","slug":"motosserra-a-bateria-oregon-cs300-sem-carregador-e-bateria","status":"publish","type":"product","link":"https:\/\/nordtech.com.br\/?product=motosserra-a-bateria-oregon-cs300-sem-carregador-e-bateria","title":{"rendered":"Motosserra a Bateria Oregon &#8211; CS300 Sem Carregador e Bateria"},"content":{"rendered":"","protected":false},"excerpt":{"rendered":"<p>A motosserra sem fio com autoafia\u00e7\u00e3o CS300 corta \u00e1rvores e galhos com rapidez e facilidade, enfrentando at\u00e9 os trabalhos mais dif\u00edceis. Feita pelo fabricante l\u00edder mundial de correntes de serra, esta motosserra possui corrente de 16&#8243; que voc\u00ea pode afiar na serra em 3 segundos com o pux\u00e3o de uma alavanca. O motor sem escovas oferece uma combina\u00e7\u00e3o poderosa de velocidade e torque. A tecnologia de bateria premium fornece constante pot\u00eancia cont\u00ednua e tempos de execu\u00e7\u00e3o mais longos &#8211; at\u00e9 600 cortes por carga de bateria. Faz parte do sistema de ferramentas sem fio Max 40V da Oregon, uma linha de ferramentas poderosas e livre da emiss\u00e3o de poluentes. Observa\u00e7\u00e3o: Item com bateria e carregador n\u00e3o inclusos.<\/p>\n<p>Ideal para o corte de galhos e troncos.<\/p>\n","protected":false},"featured_media":3326,"comment_status":"open","ping_status":"closed","template":"","meta":[],"class_list":{"0":"post-3325","1":"product","2":"type-product","3":"status-publish","4":"has-post-thumbnail","6":"pwb-brand-oregon","7":"product_cat-maquinas","8":"product_cat-oregon","10":"first","11":"instock","12":"shipping-taxable","13":"product-type-simple"},"brands":[{"id":109,"name":"Oregon","slug":"oregon"}],"_links":{"self":[{"href":"https:\/\/nordtech.com.br\/index.php?rest_route=\/wp\/v2\/product\/3325","targetHints":{"allow":["GET"]}}],"collection":[{"href":"https:\/\/nordtech.com.br\/index.php?rest_route=\/wp\/v2\/product"}],"about":[{"href":"https:\/\/nordtech.com.br\/index.php?rest_route=\/wp\/v2\/types\/product"}],"replies":[{"embeddable":true,"href":"https:\/\/nordtech.com.br\/index.php?rest_route=%2Fwp%2Fv2%2Fcomments&post=3325"}],"wp:featuredmedia":[{"embeddable":true,"href":"https:\/\/nordtech.com.br\/index.php?rest_route=\/wp\/v2\/media\/3326"}],"wp:attachment":[{"href":"https:\/\/nordtech.com.br\/index.php?rest_route=%2Fwp%2Fv2%2Fmedia&parent=3325"}],"curies":[{"name":"wp","href":"https:\/\/api.w.org\/{rel}","templated":true}]}}