{"id":3262,"date":"2021-08-05T12:29:10","date_gmt":"2021-08-05T15:29:10","guid":{"rendered":"https:\/\/nordtech.com.br\/?post_type=product&#038;p=3262"},"modified":"2021-08-05T17:05:38","modified_gmt":"2021-08-05T20:05:38","slug":"eletrosserra-oregon-220v-com-sistema-power-sharp","status":"publish","type":"product","link":"https:\/\/nordtech.com.br\/?product=eletrosserra-oregon-220v-com-sistema-power-sharp","title":{"rendered":"Eletrosserra 220V Oregon &#8211; Com Sistema Power Sharp"},"content":{"rendered":"","protected":false},"excerpt":{"rendered":"<p>Eletrosserra Oregon com 2200W de Pot\u00eancia, 220V com Sabre de 18 Polegadas. Com sistema de afia\u00e7\u00e3o Power Sharp\u00ae Integrado, basta puxar o gatilho de 3 a 5 segundos e a eletrosserra estar\u00e1 pronta para o trabalho. Ativa\u00e7\u00e3o imediata no puxar do gatilho, baixo n\u00edvel de ru\u00eddo.<\/p>\n<p>Ideal para corte de troncos e galhos.<\/p>\n","protected":false},"featured_media":3263,"comment_status":"open","ping_status":"closed","template":"","meta":[],"class_list":{"0":"post-3262","1":"product","2":"type-product","3":"status-publish","4":"has-post-thumbnail","6":"pwb-brand-oregon","7":"product_cat-maquinas","8":"product_cat-oregon","10":"first","11":"instock","12":"shipping-taxable","13":"product-type-simple"},"brands":[{"id":109,"name":"Oregon","slug":"oregon"}],"_links":{"self":[{"href":"https:\/\/nordtech.com.br\/index.php?rest_route=\/wp\/v2\/product\/3262","targetHints":{"allow":["GET"]}}],"collection":[{"href":"https:\/\/nordtech.com.br\/index.php?rest_route=\/wp\/v2\/product"}],"about":[{"href":"https:\/\/nordtech.com.br\/index.php?rest_route=\/wp\/v2\/types\/product"}],"replies":[{"embeddable":true,"href":"https:\/\/nordtech.com.br\/index.php?rest_route=%2Fwp%2Fv2%2Fcomments&post=3262"}],"wp:featuredmedia":[{"embeddable":true,"href":"https:\/\/nordtech.com.br\/index.php?rest_route=\/wp\/v2\/media\/3263"}],"wp:attachment":[{"href":"https:\/\/nordtech.com.br\/index.php?rest_route=%2Fwp%2Fv2%2Fmedia&parent=3262"}],"curies":[{"name":"wp","href":"https:\/\/api.w.org\/{rel}","templated":true}]}}