{"id":3254,"date":"2021-08-05T11:09:54","date_gmt":"2021-08-05T14:09:54","guid":{"rendered":"https:\/\/nordtech.com.br\/?post_type=product&#038;p=3254"},"modified":"2021-08-05T11:09:54","modified_gmt":"2021-08-05T14:09:54","slug":"refletor-de-led-a-bateria-oregon","status":"publish","type":"product","link":"https:\/\/nordtech.com.br\/?product=refletor-de-led-a-bateria-oregon","title":{"rendered":"Refletor de Led a Bateria Oregon"},"content":{"rendered":"","protected":false},"excerpt":{"rendered":"<p>Refletor de Led a Bateria 40V Oregon. Com at\u00e9 24 horas de dura\u00e7\u00e3o, seu trabalho rende mais. Ele \u00e9 port\u00e1til, robusto e leve; com al\u00e7a de espuma para maior conforto. Possui \u00e2ngulos ajust\u00e1veis e op\u00e7\u00e3o de luz alta e baixa.<\/p>\n<p>Ideal para ilumina\u00e7\u00e3o de ambientes em geral.<\/p>\n","protected":false},"featured_media":3255,"comment_status":"open","ping_status":"closed","template":"","meta":[],"class_list":{"0":"post-3254","1":"product","2":"type-product","3":"status-publish","4":"has-post-thumbnail","6":"pwb-brand-oregon","7":"product_cat-maquinas","8":"product_cat-oregon","10":"first","11":"instock","12":"shipping-taxable","13":"product-type-simple"},"brands":[{"id":109,"name":"Oregon","slug":"oregon"}],"_links":{"self":[{"href":"https:\/\/nordtech.com.br\/index.php?rest_route=\/wp\/v2\/product\/3254","targetHints":{"allow":["GET"]}}],"collection":[{"href":"https:\/\/nordtech.com.br\/index.php?rest_route=\/wp\/v2\/product"}],"about":[{"href":"https:\/\/nordtech.com.br\/index.php?rest_route=\/wp\/v2\/types\/product"}],"replies":[{"embeddable":true,"href":"https:\/\/nordtech.com.br\/index.php?rest_route=%2Fwp%2Fv2%2Fcomments&post=3254"}],"wp:featuredmedia":[{"embeddable":true,"href":"https:\/\/nordtech.com.br\/index.php?rest_route=\/wp\/v2\/media\/3255"}],"wp:attachment":[{"href":"https:\/\/nordtech.com.br\/index.php?rest_route=%2Fwp%2Fv2%2Fmedia&parent=3254"}],"curies":[{"name":"wp","href":"https:\/\/api.w.org\/{rel}","templated":true}]}}