{"id":3245,"date":"2021-08-04T12:28:21","date_gmt":"2021-08-04T15:28:21","guid":{"rendered":"https:\/\/nordtech.com.br\/?post_type=product&#038;p=3245"},"modified":"2021-08-04T12:28:21","modified_gmt":"2021-08-04T15:28:21","slug":"aparador-de-grama-a-bateria-oregon-com-bateria-e-carregador","status":"publish","type":"product","link":"https:\/\/nordtech.com.br\/?product=aparador-de-grama-a-bateria-oregon-com-bateria-e-carregador","title":{"rendered":"Aparador de Grama a Bateria Oregon &#8211; Com Bateria e Carregador"},"content":{"rendered":"","protected":false},"excerpt":{"rendered":"<p>O Aparador de Grama a Bateria Oregon, possui sistema de corte avan\u00e7ado e carretel de fio duplo de nylon com recarga r\u00e1pida, al\u00e9m de ser ergonomicamente projetado para executar trabalhos de forma leve e equilibrada. Observa\u00e7\u00e3o: o item acompanha bateria de 40V e carregador.<\/p>\n<p>Ideal para corte e nivela\u00e7\u00e3o de grama.<\/p>\n","protected":false},"featured_media":3246,"comment_status":"open","ping_status":"closed","template":"","meta":[],"class_list":{"0":"post-3245","1":"product","2":"type-product","3":"status-publish","4":"has-post-thumbnail","6":"pwb-brand-oregon","7":"product_cat-maquinas","8":"product_cat-oregon","10":"first","11":"instock","12":"shipping-taxable","13":"product-type-simple"},"brands":[{"id":109,"name":"Oregon","slug":"oregon"}],"_links":{"self":[{"href":"https:\/\/nordtech.com.br\/index.php?rest_route=\/wp\/v2\/product\/3245","targetHints":{"allow":["GET"]}}],"collection":[{"href":"https:\/\/nordtech.com.br\/index.php?rest_route=\/wp\/v2\/product"}],"about":[{"href":"https:\/\/nordtech.com.br\/index.php?rest_route=\/wp\/v2\/types\/product"}],"replies":[{"embeddable":true,"href":"https:\/\/nordtech.com.br\/index.php?rest_route=%2Fwp%2Fv2%2Fcomments&post=3245"}],"wp:featuredmedia":[{"embeddable":true,"href":"https:\/\/nordtech.com.br\/index.php?rest_route=\/wp\/v2\/media\/3246"}],"wp:attachment":[{"href":"https:\/\/nordtech.com.br\/index.php?rest_route=%2Fwp%2Fv2%2Fmedia&parent=3245"}],"curies":[{"name":"wp","href":"https:\/\/api.w.org\/{rel}","templated":true}]}}