{"id":3227,"date":"2021-08-04T10:02:23","date_gmt":"2021-08-04T13:02:23","guid":{"rendered":"https:\/\/nordtech.com.br\/?post_type=product&#038;p=3227"},"modified":"2021-08-04T10:21:41","modified_gmt":"2021-08-04T13:21:41","slug":"soprador-a-bateria-40v-max-oregon-sem-bateria-e-carregador","status":"publish","type":"product","link":"https:\/\/nordtech.com.br\/?product=soprador-a-bateria-40v-max-oregon-sem-bateria-e-carregador","title":{"rendered":"Soprador a Bateria Oregon &#8211; Sem Bateria e Carregador"},"content":{"rendered":"","protected":false},"excerpt":{"rendered":"<p>Soprador de Folhas a Bateria Oregon 40V Max com velocidade do ar de 168km\/h. O soprador a bateria Oregon\u00ae, tem design ergon\u00f4mico, \u00e9 leve e tem baixa vibra\u00e7\u00e3o, com 4x menos ru\u00eddo que um soprador \u00e0 gasolina. Observa\u00e7\u00e3o: O item n\u00e3o acompanha bateria e Carregador.<\/p>\n<p>Ideal para jardins e s\u00edtios.<\/p>\n","protected":false},"featured_media":3228,"comment_status":"open","ping_status":"closed","template":"","meta":[],"class_list":{"0":"post-3227","1":"product","2":"type-product","3":"status-publish","4":"has-post-thumbnail","6":"pwb-brand-oregon","7":"product_cat-maquinas","8":"product_cat-oregon","10":"first","11":"instock","12":"shipping-taxable","13":"product-type-simple"},"brands":[{"id":109,"name":"Oregon","slug":"oregon"}],"_links":{"self":[{"href":"https:\/\/nordtech.com.br\/index.php?rest_route=\/wp\/v2\/product\/3227","targetHints":{"allow":["GET"]}}],"collection":[{"href":"https:\/\/nordtech.com.br\/index.php?rest_route=\/wp\/v2\/product"}],"about":[{"href":"https:\/\/nordtech.com.br\/index.php?rest_route=\/wp\/v2\/types\/product"}],"replies":[{"embeddable":true,"href":"https:\/\/nordtech.com.br\/index.php?rest_route=%2Fwp%2Fv2%2Fcomments&post=3227"}],"wp:featuredmedia":[{"embeddable":true,"href":"https:\/\/nordtech.com.br\/index.php?rest_route=\/wp\/v2\/media\/3228"}],"wp:attachment":[{"href":"https:\/\/nordtech.com.br\/index.php?rest_route=%2Fwp%2Fv2%2Fmedia&parent=3227"}],"curies":[{"name":"wp","href":"https:\/\/api.w.org\/{rel}","templated":true}]}}