{"id":3066,"date":"2021-07-16T09:55:54","date_gmt":"2021-07-16T12:55:54","guid":{"rendered":"https:\/\/nordtech.com.br\/?post_type=product&#038;p=3066"},"modified":"2021-08-10T12:37:13","modified_gmt":"2021-08-10T15:37:13","slug":"bateria-de-lithium-oregon-40v","status":"publish","type":"product","link":"https:\/\/nordtech.com.br\/?product=bateria-de-lithium-oregon-40v","title":{"rendered":"Bateria de L\u00edtio 40V Oregon &#8211; 6,0 Ah"},"content":{"rendered":"","protected":false},"excerpt":{"rendered":"<p>Bateria de \u00cdons de L\u00edtio com 40 Volts e 6000 mAh. Com tecnologia de c\u00e9lula de \u00cdon de L\u00edtio de 40 volts, esta bateria funciona por um longo per\u00edodo e pode ser recarregada at\u00e9 1000 vezes com um carregador da Oregon.<\/p>\n<p>Aplic\u00e1vel em equipamentos Oregon a Bateria de 6,0 Ah.<\/p>\n","protected":false},"featured_media":3067,"comment_status":"open","ping_status":"closed","template":"","meta":[],"class_list":{"0":"post-3066","1":"product","2":"type-product","3":"status-publish","4":"has-post-thumbnail","6":"pwb-brand-oregon","7":"product_cat-maquinas","8":"product_cat-oregon","10":"first","11":"instock","12":"shipping-taxable","13":"product-type-simple"},"brands":[{"id":109,"name":"Oregon","slug":"oregon"}],"_links":{"self":[{"href":"https:\/\/nordtech.com.br\/index.php?rest_route=\/wp\/v2\/product\/3066","targetHints":{"allow":["GET"]}}],"collection":[{"href":"https:\/\/nordtech.com.br\/index.php?rest_route=\/wp\/v2\/product"}],"about":[{"href":"https:\/\/nordtech.com.br\/index.php?rest_route=\/wp\/v2\/types\/product"}],"replies":[{"embeddable":true,"href":"https:\/\/nordtech.com.br\/index.php?rest_route=%2Fwp%2Fv2%2Fcomments&post=3066"}],"wp:featuredmedia":[{"embeddable":true,"href":"https:\/\/nordtech.com.br\/index.php?rest_route=\/wp\/v2\/media\/3067"}],"wp:attachment":[{"href":"https:\/\/nordtech.com.br\/index.php?rest_route=%2Fwp%2Fv2%2Fmedia&parent=3066"}],"curies":[{"name":"wp","href":"https:\/\/api.w.org\/{rel}","templated":true}]}}