{"id":3064,"date":"2021-07-16T09:35:19","date_gmt":"2021-07-16T12:35:19","guid":{"rendered":"https:\/\/nordtech.com.br\/?post_type=product&#038;p=3064"},"modified":"2021-07-16T10:46:07","modified_gmt":"2021-07-16T13:46:07","slug":"cortador-de-grama-oregon-a-bateria","status":"publish","type":"product","link":"https:\/\/nordtech.com.br\/?product=cortador-de-grama-oregon-a-bateria","title":{"rendered":"Cortador de Grama Oregon a Bateria"},"content":{"rendered":"","protected":false},"excerpt":{"rendered":"<p>Cortador de Grama Oregon a Bateria com Recolhedor de 50 Litros e L\u00e2mina de 40cm. Leve, tem design ergon\u00f4mico com al\u00e7a ajust\u00e1vel e dobr\u00e1vel para facilitar o armazenamento. Motor sem escovas, tem melhor performance e \u00e9 mais dur\u00e1vel. J\u00e1 acompanha bateria e carregador.<\/p>\n<p>Ideal para corte de grama e mato baixo.<\/p>\n","protected":false},"featured_media":3065,"comment_status":"open","ping_status":"closed","template":"","meta":[],"class_list":{"0":"post-3064","1":"product","2":"type-product","3":"status-publish","4":"has-post-thumbnail","6":"pwb-brand-oregon","7":"product_cat-maquinas","8":"product_cat-oregon","10":"first","11":"instock","12":"shipping-taxable","13":"product-type-simple"},"brands":[{"id":109,"name":"Oregon","slug":"oregon"}],"_links":{"self":[{"href":"https:\/\/nordtech.com.br\/index.php?rest_route=\/wp\/v2\/product\/3064","targetHints":{"allow":["GET"]}}],"collection":[{"href":"https:\/\/nordtech.com.br\/index.php?rest_route=\/wp\/v2\/product"}],"about":[{"href":"https:\/\/nordtech.com.br\/index.php?rest_route=\/wp\/v2\/types\/product"}],"replies":[{"embeddable":true,"href":"https:\/\/nordtech.com.br\/index.php?rest_route=%2Fwp%2Fv2%2Fcomments&post=3064"}],"wp:featuredmedia":[{"embeddable":true,"href":"https:\/\/nordtech.com.br\/index.php?rest_route=\/wp\/v2\/media\/3065"}],"wp:attachment":[{"href":"https:\/\/nordtech.com.br\/index.php?rest_route=%2Fwp%2Fv2%2Fmedia&parent=3064"}],"curies":[{"name":"wp","href":"https:\/\/api.w.org\/{rel}","templated":true}]}}