{"id":3043,"date":"2021-07-14T16:58:39","date_gmt":"2021-07-14T19:58:39","guid":{"rendered":"https:\/\/nordtech.com.br\/?post_type=product&#038;p=3043"},"modified":"2026-03-09T12:21:28","modified_gmt":"2026-03-09T15:21:28","slug":"carretel-manual-duraline-10x125f","status":"publish","type":"product","link":"https:\/\/nordtech.com.br\/?product=carretel-manual-duraline-10x125f","title":{"rendered":"Carretel Manual Duraline"},"content":{"rendered":"<p><img loading=\"lazy\" decoding=\"async\" class=\"wp-image-24866 alignleft\" src=\"https:\/\/nordtech.com.br\/wp-content\/uploads\/2021\/07\/Tabela-de-aplicacoes-de-Carreteis.png\" alt=\"\" width=\"851\" height=\"949\" \/><\/p>\n","protected":false},"excerpt":{"rendered":"<p>Carretel Manual de Nylon Duraline \u00e9 uma op\u00e7\u00e3o mais econ\u00f4mica. A libera\u00e7\u00e3o do fio de nylon \u00e9 feita de forma manual pelo operador.<\/p>\n<p><img loading=\"lazy\" decoding=\"async\" class=\"wp-image-24872 alignleft\" src=\"https:\/\/nordtech.com.br\/wp-content\/uploads\/2021\/07\/Carreta_manual.png\" alt=\"\" width=\"424\" height=\"359\" \/><\/p>\n<p>&nbsp;<\/p>\n<p>&nbsp;<\/p>\n<p>&nbsp;<\/p>\n<p>&nbsp;<\/p>\n<p>&nbsp;<\/p>\n<p>&nbsp;<\/p>\n<p>&nbsp;<\/p>\n<p>&nbsp;<\/p>\n<p>&nbsp;<\/p>\n<p>&nbsp;<\/p>\n<p>Confira as aplica\u00e7\u00f5es compat\u00edveis na tabela abaixo.<\/p>\n<p>&nbsp;<\/p>\n","protected":false},"featured_media":24868,"comment_status":"open","ping_status":"closed","template":"","meta":[],"class_list":{"0":"post-3043","1":"product","2":"type-product","3":"status-publish","4":"has-post-thumbnail","6":"pwb-brand-duraline","7":"product_cat-carreteis","8":"product_cat-duraline","10":"first","11":"instock","12":"shipping-taxable","13":"product-type-simple"},"brands":[{"id":90,"name":"Duraline","slug":"duraline"}],"_links":{"self":[{"href":"https:\/\/nordtech.com.br\/index.php?rest_route=\/wp\/v2\/product\/3043","targetHints":{"allow":["GET"]}}],"collection":[{"href":"https:\/\/nordtech.com.br\/index.php?rest_route=\/wp\/v2\/product"}],"about":[{"href":"https:\/\/nordtech.com.br\/index.php?rest_route=\/wp\/v2\/types\/product"}],"replies":[{"embeddable":true,"href":"https:\/\/nordtech.com.br\/index.php?rest_route=%2Fwp%2Fv2%2Fcomments&post=3043"}],"wp:featuredmedia":[{"embeddable":true,"href":"https:\/\/nordtech.com.br\/index.php?rest_route=\/wp\/v2\/media\/24868"}],"wp:attachment":[{"href":"https:\/\/nordtech.com.br\/index.php?rest_route=%2Fwp%2Fv2%2Fmedia&parent=3043"}],"curies":[{"name":"wp","href":"https:\/\/api.w.org\/{rel}","templated":true}]}}