{"id":3026,"date":"2021-07-14T15:08:33","date_gmt":"2021-07-14T18:08:33","guid":{"rendered":"https:\/\/nordtech.com.br\/?post_type=product&#038;p=3026"},"modified":"2025-02-20T08:13:03","modified_gmt":"2025-02-20T11:13:03","slug":"fio-duraline-titanium-coex-perfil-quadrado-27-mm","status":"publish","type":"product","link":"https:\/\/nordtech.com.br\/?product=fio-duraline-titanium-coex-perfil-quadrado-27-mm","title":{"rendered":"Fio Duraline Titanium Coex &#8211; Perfil Quadrado 2,7 mm"},"content":{"rendered":"","protected":false},"excerpt":{"rendered":"<p>Fio Duraline Titanium Coex, para aparadores e ro\u00e7adeiras. Bobina com fio de 273 metros e perfil quadrado de 2,7 mm de espessura. Fabricado com material 30% mais dur\u00e1vel, o Fio Duraline da Linha Titanium Coex \u00e9 mais resistente \u00e0 abras\u00e3o e fric\u00e7\u00e3o, proporcionando flexibilidade e amortecimento de choque.<\/p>\n","protected":false},"featured_media":3027,"comment_status":"open","ping_status":"closed","template":"","meta":[],"class_list":{"0":"post-3026","1":"product","2":"type-product","3":"status-publish","4":"has-post-thumbnail","6":"pwb-brand-duraline","7":"product_cat-fio-de-nylon","8":"product_cat-duraline","10":"first","11":"instock","12":"shipping-taxable","13":"product-type-simple"},"brands":[{"id":90,"name":"Duraline","slug":"duraline"}],"_links":{"self":[{"href":"https:\/\/nordtech.com.br\/index.php?rest_route=\/wp\/v2\/product\/3026","targetHints":{"allow":["GET"]}}],"collection":[{"href":"https:\/\/nordtech.com.br\/index.php?rest_route=\/wp\/v2\/product"}],"about":[{"href":"https:\/\/nordtech.com.br\/index.php?rest_route=\/wp\/v2\/types\/product"}],"replies":[{"embeddable":true,"href":"https:\/\/nordtech.com.br\/index.php?rest_route=%2Fwp%2Fv2%2Fcomments&post=3026"}],"wp:featuredmedia":[{"embeddable":true,"href":"https:\/\/nordtech.com.br\/index.php?rest_route=\/wp\/v2\/media\/3027"}],"wp:attachment":[{"href":"https:\/\/nordtech.com.br\/index.php?rest_route=%2Fwp%2Fv2%2Fmedia&parent=3026"}],"curies":[{"name":"wp","href":"https:\/\/api.w.org\/{rel}","templated":true}]}}