{"id":2983,"date":"2021-07-14T10:36:07","date_gmt":"2021-07-14T13:36:07","guid":{"rendered":"https:\/\/nordtech.com.br\/?post_type=product&#038;p=2983"},"modified":"2025-02-20T08:07:59","modified_gmt":"2025-02-20T11:07:59","slug":"fio-de-nylon-duraline-fluor-pro-perfil-redondo-o-33mm","status":"publish","type":"product","link":"https:\/\/nordtech.com.br\/?product=fio-de-nylon-duraline-fluor-pro-perfil-redondo-o-33mm","title":{"rendered":"Fio de Nylon Duraline Fluor PRO &#8211; Perfil Redondo \u00d8 3,3mm"},"content":{"rendered":"","protected":false},"excerpt":{"rendered":"<p>Fio de Nylon Duraline, para aparadores e ro\u00e7adeiras. Embalagem Blister, ideal para uso ocasional, com fio de 47 metros de comprimento e perfil redondo de \u00d8 3,3mm. Excelente op\u00e7\u00e3o para quem busca qualidade, rendimento e desempenho no corte.<\/p>\n","protected":false},"featured_media":2984,"comment_status":"open","ping_status":"closed","template":"","meta":[],"class_list":{"0":"post-2983","1":"product","2":"type-product","3":"status-publish","4":"has-post-thumbnail","6":"pwb-brand-duraline","7":"product_cat-fio-de-nylon","8":"product_cat-duraline","10":"first","11":"instock","12":"shipping-taxable","13":"product-type-simple"},"brands":[{"id":90,"name":"Duraline","slug":"duraline"}],"_links":{"self":[{"href":"https:\/\/nordtech.com.br\/index.php?rest_route=\/wp\/v2\/product\/2983","targetHints":{"allow":["GET"]}}],"collection":[{"href":"https:\/\/nordtech.com.br\/index.php?rest_route=\/wp\/v2\/product"}],"about":[{"href":"https:\/\/nordtech.com.br\/index.php?rest_route=\/wp\/v2\/types\/product"}],"replies":[{"embeddable":true,"href":"https:\/\/nordtech.com.br\/index.php?rest_route=%2Fwp%2Fv2%2Fcomments&post=2983"}],"wp:featuredmedia":[{"embeddable":true,"href":"https:\/\/nordtech.com.br\/index.php?rest_route=\/wp\/v2\/media\/2984"}],"wp:attachment":[{"href":"https:\/\/nordtech.com.br\/index.php?rest_route=%2Fwp%2Fv2%2Fmedia&parent=2983"}],"curies":[{"name":"wp","href":"https:\/\/api.w.org\/{rel}","templated":true}]}}