{"id":2926,"date":"2021-07-13T16:58:09","date_gmt":"2021-07-13T19:58:09","guid":{"rendered":"https:\/\/nordtech.com.br\/?post_type=product&#038;p=2926"},"modified":"2025-02-24T17:03:10","modified_gmt":"2025-02-24T20:03:10","slug":"fio-flexiblade-duraline-o-265mm","status":"publish","type":"product","link":"https:\/\/nordtech.com.br\/?product=fio-flexiblade-duraline-o-265mm","title":{"rendered":"Fio Flexiblade Duraline &#8211; \u00d8 2,65mm"},"content":{"rendered":"","protected":false},"excerpt":{"rendered":"<p>Fio Duraline Flexiblade, bobina com 250 metros e fio de \u00d8 2,65mm. Produzida para substituir as l\u00e2minas de ro\u00e7adeira, a linha Flexiblade proporciona um corte limpo e preciso por conta do seu exclusivo desenho com dentes, garantindo melhor performance que os fios convencionais.<\/p>\n","protected":false},"featured_media":2927,"comment_status":"open","ping_status":"closed","template":"","meta":[],"class_list":{"0":"post-2926","1":"product","2":"type-product","3":"status-publish","4":"has-post-thumbnail","6":"pwb-brand-duraline","7":"product_cat-fio-de-nylon","8":"product_cat-duraline","10":"first","11":"instock","12":"shipping-taxable","13":"product-type-simple"},"brands":[{"id":90,"name":"Duraline","slug":"duraline"}],"_links":{"self":[{"href":"https:\/\/nordtech.com.br\/index.php?rest_route=\/wp\/v2\/product\/2926","targetHints":{"allow":["GET"]}}],"collection":[{"href":"https:\/\/nordtech.com.br\/index.php?rest_route=\/wp\/v2\/product"}],"about":[{"href":"https:\/\/nordtech.com.br\/index.php?rest_route=\/wp\/v2\/types\/product"}],"replies":[{"embeddable":true,"href":"https:\/\/nordtech.com.br\/index.php?rest_route=%2Fwp%2Fv2%2Fcomments&post=2926"}],"wp:featuredmedia":[{"embeddable":true,"href":"https:\/\/nordtech.com.br\/index.php?rest_route=\/wp\/v2\/media\/2927"}],"wp:attachment":[{"href":"https:\/\/nordtech.com.br\/index.php?rest_route=%2Fwp%2Fv2%2Fmedia&parent=2926"}],"curies":[{"name":"wp","href":"https:\/\/api.w.org\/{rel}","templated":true}]}}