{"id":2703,"date":"2021-07-06T15:08:52","date_gmt":"2021-07-06T18:08:52","guid":{"rendered":"https:\/\/nordtech.com.br\/?post_type=product&#038;p=2703"},"modified":"2026-03-09T11:54:13","modified_gmt":"2026-03-09T14:54:13","slug":"carretel-duraline-bate-e-libera-m10-x-100","status":"publish","type":"product","link":"https:\/\/nordtech.com.br\/?product=carretel-duraline-bate-e-libera-m10-x-100","title":{"rendered":"Carretel Autom\u00e1tico Duraline &#8211; M10x1,00"},"content":{"rendered":"","protected":false},"excerpt":{"rendered":"<p>Carretel Autom\u00e1tico Duraline, com 125mm de di\u00e2metro, ideal para corte de grama com Ro\u00e7adeiras. Possui fixa\u00e7\u00e3o do tipo parafuso M10x1,00 e sistema bate-libera, onde o fio \u00e9 liberado automaticamente com um simples toque no solo.<\/p>\n<p><strong>Ideal para:<\/strong><\/p>\n<p><strong>Stihl:<\/strong> FR220\/ FS106\/ FS108\/ FS33\/ FS44\/ FS85\/ FS86<\/p>\n","protected":false},"featured_media":24809,"comment_status":"open","ping_status":"closed","template":"","meta":[],"class_list":{"0":"post-2703","1":"product","2":"type-product","3":"status-publish","4":"has-post-thumbnail","6":"pwb-brand-duraline","7":"product_cat-carreteis","8":"product_cat-duraline","10":"first","11":"instock","12":"shipping-taxable","13":"product-type-simple"},"brands":[{"id":90,"name":"Duraline","slug":"duraline"}],"_links":{"self":[{"href":"https:\/\/nordtech.com.br\/index.php?rest_route=\/wp\/v2\/product\/2703","targetHints":{"allow":["GET"]}}],"collection":[{"href":"https:\/\/nordtech.com.br\/index.php?rest_route=\/wp\/v2\/product"}],"about":[{"href":"https:\/\/nordtech.com.br\/index.php?rest_route=\/wp\/v2\/types\/product"}],"replies":[{"embeddable":true,"href":"https:\/\/nordtech.com.br\/index.php?rest_route=%2Fwp%2Fv2%2Fcomments&post=2703"}],"wp:featuredmedia":[{"embeddable":true,"href":"https:\/\/nordtech.com.br\/index.php?rest_route=\/wp\/v2\/media\/24809"}],"wp:attachment":[{"href":"https:\/\/nordtech.com.br\/index.php?rest_route=%2Fwp%2Fv2%2Fmedia&parent=2703"}],"curies":[{"name":"wp","href":"https:\/\/api.w.org\/{rel}","templated":true}]}}