{"id":2701,"date":"2021-07-06T14:12:03","date_gmt":"2021-07-06T17:12:03","guid":{"rendered":"https:\/\/nordtech.com.br\/?post_type=product&#038;p=2701"},"modified":"2026-03-09T11:52:11","modified_gmt":"2026-03-09T14:52:11","slug":"carretel-duraline-automatico-m12-x-150","status":"publish","type":"product","link":"https:\/\/nordtech.com.br\/?product=carretel-duraline-automatico-m12-x-150","title":{"rendered":"Carretel Autom\u00e1tico Duraline &#8211; M12x1,50"},"content":{"rendered":"","protected":false},"excerpt":{"rendered":"<p>Carretel Autom\u00e1tico Duraline, com 110mm de di\u00e2metro, ideal para corte de grama com Ro\u00e7adeiras. Possui fixa\u00e7\u00e3o do tipo parafuso M12x1,50 e sistema bate-libera, onde o fio \u00e9 liberado automaticamente com um simples toque no solo.<\/p>\n<p>Ideal para:<\/p>\n<p><strong> Stihl:<\/strong> FS160\/ FS220\/ FS280<\/p>\n<p><strong>Shibaura:<\/strong> SD35\/ SD41\/ SD45\/ SD57<\/p>\n","protected":false},"featured_media":24808,"comment_status":"open","ping_status":"closed","template":"","meta":[],"class_list":{"0":"post-2701","1":"product","2":"type-product","3":"status-publish","4":"has-post-thumbnail","6":"pwb-brand-duraline","7":"product_cat-carreteis","8":"product_cat-duraline","10":"first","11":"instock","12":"shipping-taxable","13":"product-type-simple"},"brands":[{"id":90,"name":"Duraline","slug":"duraline"}],"_links":{"self":[{"href":"https:\/\/nordtech.com.br\/index.php?rest_route=\/wp\/v2\/product\/2701","targetHints":{"allow":["GET"]}}],"collection":[{"href":"https:\/\/nordtech.com.br\/index.php?rest_route=\/wp\/v2\/product"}],"about":[{"href":"https:\/\/nordtech.com.br\/index.php?rest_route=\/wp\/v2\/types\/product"}],"replies":[{"embeddable":true,"href":"https:\/\/nordtech.com.br\/index.php?rest_route=%2Fwp%2Fv2%2Fcomments&post=2701"}],"wp:featuredmedia":[{"embeddable":true,"href":"https:\/\/nordtech.com.br\/index.php?rest_route=\/wp\/v2\/media\/24808"}],"wp:attachment":[{"href":"https:\/\/nordtech.com.br\/index.php?rest_route=%2Fwp%2Fv2%2Fmedia&parent=2701"}],"curies":[{"name":"wp","href":"https:\/\/api.w.org\/{rel}","templated":true}]}}