{"id":2699,"date":"2021-07-06T13:14:00","date_gmt":"2021-07-06T16:14:00","guid":{"rendered":"https:\/\/nordtech.com.br\/?post_type=product&#038;p=2699"},"modified":"2026-03-09T11:53:10","modified_gmt":"2026-03-09T14:53:10","slug":"carretel-duraline-automatico-m10-x-175","status":"publish","type":"product","link":"https:\/\/nordtech.com.br\/?product=carretel-duraline-automatico-m10-x-175","title":{"rendered":"Carretel Autom\u00e1tico Duraline &#8211; M12x1,75"},"content":{"rendered":"","protected":false},"excerpt":{"rendered":"<p>Carretel Autom\u00e1tico Duraline, com 110mm de di\u00e2metro, ideal para corte de grama com Ro\u00e7adeiras. Possui fixa\u00e7\u00e3o do tipo parafuso M12x1,75 e sistema bate-libera, onde o fio \u00e9 liberado automaticamente com um simples toque no solo.<\/p>\n<p>Ideal para:<\/p>\n<p><strong>Echo:<\/strong> 5800\/ CLS 4600\/ CLS 4610<\/p>\n<p><strong>Husqvarna:<\/strong> 132R\/ 142\/ 143R\/ 143RB\/ 143RII\/ 235\/ 240R\/ 241R\/ 245R\/ 245RB\/ 253RB\/ 263R\/ 265\/ 343F\/ 543RS\/ 553RS<\/p>\n","protected":false},"featured_media":24810,"comment_status":"open","ping_status":"closed","template":"","meta":[],"class_list":{"0":"post-2699","1":"product","2":"type-product","3":"status-publish","4":"has-post-thumbnail","6":"pwb-brand-duraline","7":"product_cat-carreteis","8":"product_cat-duraline","10":"first","11":"instock","12":"shipping-taxable","13":"product-type-simple"},"brands":[{"id":90,"name":"Duraline","slug":"duraline"}],"_links":{"self":[{"href":"https:\/\/nordtech.com.br\/index.php?rest_route=\/wp\/v2\/product\/2699","targetHints":{"allow":["GET"]}}],"collection":[{"href":"https:\/\/nordtech.com.br\/index.php?rest_route=\/wp\/v2\/product"}],"about":[{"href":"https:\/\/nordtech.com.br\/index.php?rest_route=\/wp\/v2\/types\/product"}],"replies":[{"embeddable":true,"href":"https:\/\/nordtech.com.br\/index.php?rest_route=%2Fwp%2Fv2%2Fcomments&post=2699"}],"wp:featuredmedia":[{"embeddable":true,"href":"https:\/\/nordtech.com.br\/index.php?rest_route=\/wp\/v2\/media\/24810"}],"wp:attachment":[{"href":"https:\/\/nordtech.com.br\/index.php?rest_route=%2Fwp%2Fv2%2Fmedia&parent=2699"}],"curies":[{"name":"wp","href":"https:\/\/api.w.org\/{rel}","templated":true}]}}