{"id":2566,"date":"2021-06-23T10:51:47","date_gmt":"2021-06-23T13:51:47","guid":{"rendered":"https:\/\/nordtech.com.br\/?post_type=product&#038;p=2566"},"modified":"2025-02-20T08:17:30","modified_gmt":"2025-02-20T11:17:30","slug":"redondo-20-mm-vermelho-bobina-20kg-558m","status":"publish","type":"product","link":"https:\/\/nordtech.com.br\/?product=redondo-20-mm-vermelho-bobina-20kg-558m","title":{"rendered":"Fio de Nylon Duraline XP Nacional &#8211;  Perfil Redondo 2,0 mm"},"content":{"rendered":"","protected":false},"excerpt":{"rendered":"<p>Bobina com 558 metros de Fio de Nylon, perfil redondo de 2,0mm. O fio de Nylon com perfil redondo proporciona corte preciso, facilitando o trabalho e aumentando o rendimento das ro\u00e7adeiras. Possui aerodin\u00e2mica que diminui o arraste e o atrito do ar, aliviando o esfor\u00e7o do motor da ro\u00e7adeira, aumentando a vida \u00fatil do equipamento.\t<\/p>\n<p>Ideal para Aparadores de Grama a partir de 1000 Watts, Ro\u00e7adeiras El\u00e9tricas e Ro\u00e7adeiras a partir de 26 cilindradas.\t\t<\/p>\n","protected":false},"featured_media":2567,"comment_status":"open","ping_status":"closed","template":"","meta":[],"class_list":{"0":"post-2566","1":"product","2":"type-product","3":"status-publish","4":"has-post-thumbnail","6":"pwb-brand-duraline","7":"product_cat-fio-de-nylon","8":"product_cat-duraline","10":"first","11":"instock","12":"shipping-taxable","13":"product-type-simple"},"brands":[{"id":90,"name":"Duraline","slug":"duraline"}],"_links":{"self":[{"href":"https:\/\/nordtech.com.br\/index.php?rest_route=\/wp\/v2\/product\/2566","targetHints":{"allow":["GET"]}}],"collection":[{"href":"https:\/\/nordtech.com.br\/index.php?rest_route=\/wp\/v2\/product"}],"about":[{"href":"https:\/\/nordtech.com.br\/index.php?rest_route=\/wp\/v2\/types\/product"}],"replies":[{"embeddable":true,"href":"https:\/\/nordtech.com.br\/index.php?rest_route=%2Fwp%2Fv2%2Fcomments&post=2566"}],"wp:featuredmedia":[{"embeddable":true,"href":"https:\/\/nordtech.com.br\/index.php?rest_route=\/wp\/v2\/media\/2567"}],"wp:attachment":[{"href":"https:\/\/nordtech.com.br\/index.php?rest_route=%2Fwp%2Fv2%2Fmedia&parent=2566"}],"curies":[{"name":"wp","href":"https:\/\/api.w.org\/{rel}","templated":true}]}}