{"id":2560,"date":"2021-06-22T16:35:42","date_gmt":"2021-06-22T19:35:42","guid":{"rendered":"https:\/\/nordtech.com.br\/?post_type=product&#038;p=2560"},"modified":"2025-02-18T08:54:27","modified_gmt":"2025-02-18T11:54:27","slug":"lamina-80-dentes-duraline","status":"publish","type":"product","link":"https:\/\/nordtech.com.br\/?product=lamina-80-dentes-duraline","title":{"rendered":"L\u00e2mina 80 Dentes Duraline &#8211; Furo Central de \u00d8 1\u201d\/20mm"},"content":{"rendered":"","protected":false},"excerpt":{"rendered":"<p>L\u00e2mina Duraline fabricada em a\u00e7o van\u00e1dio, de 80 dentes. Seu di\u00e2metro de corte \u00e9 de 255mm, espessura de 1,5 mm e furo central de \u00d8 1\u201d\/20 mm. Com boa capacidade de corte, \u00e9 indicada para serrar arbustos lenhosos e pequenos troncos.<\/p>\n<p><strong>Ideal para Ro\u00e7adeiras a partir de 33cc.<\/strong><\/p>\n","protected":false},"featured_media":2561,"comment_status":"open","ping_status":"closed","template":"","meta":[],"class_list":{"0":"post-2560","1":"product","2":"type-product","3":"status-publish","4":"has-post-thumbnail","6":"pwb-brand-duraline","7":"product_cat-laminas-para-rocadeira","8":"product_cat-duraline","10":"first","11":"instock","12":"shipping-taxable","13":"product-type-simple"},"brands":[{"id":90,"name":"Duraline","slug":"duraline"}],"_links":{"self":[{"href":"https:\/\/nordtech.com.br\/index.php?rest_route=\/wp\/v2\/product\/2560","targetHints":{"allow":["GET"]}}],"collection":[{"href":"https:\/\/nordtech.com.br\/index.php?rest_route=\/wp\/v2\/product"}],"about":[{"href":"https:\/\/nordtech.com.br\/index.php?rest_route=\/wp\/v2\/types\/product"}],"replies":[{"embeddable":true,"href":"https:\/\/nordtech.com.br\/index.php?rest_route=%2Fwp%2Fv2%2Fcomments&post=2560"}],"wp:featuredmedia":[{"embeddable":true,"href":"https:\/\/nordtech.com.br\/index.php?rest_route=\/wp\/v2\/media\/2561"}],"wp:attachment":[{"href":"https:\/\/nordtech.com.br\/index.php?rest_route=%2Fwp%2Fv2%2Fmedia&parent=2560"}],"curies":[{"name":"wp","href":"https:\/\/api.w.org\/{rel}","templated":true}]}}