{"id":2513,"date":"2021-06-22T12:18:22","date_gmt":"2021-06-22T15:18:22","guid":{"rendered":"https:\/\/nordtech.com.br\/?post_type=product&#038;p=2513"},"modified":"2025-02-18T08:57:53","modified_gmt":"2025-02-18T11:57:53","slug":"lamina-2-pontas-comp-330mm-x-20-0mm-esp-27mm","status":"publish","type":"product","link":"https:\/\/nordtech.com.br\/?product=lamina-2-pontas-comp-330mm-x-20-0mm-esp-27mm","title":{"rendered":"L\u00e2mina 2 Pontas Duraline &#8211; Furo Central de \u00d8 20mm"},"content":{"rendered":"","protected":false},"excerpt":{"rendered":"<p>L\u00e2mina de 2 pontas em a\u00e7o van\u00e1dio. Com furo central de \u00d8 20mm, 330mm de largura de corte e 2,7mm de espessura. \u00c9 indicada para corte e manuten\u00e7\u00e3o de grama baixa, grama alta e capim leve.<\/p>\n<p>Ideal para Ro\u00e7adeiras a partir de 42 cilindradas.<\/p>\n","protected":false},"featured_media":2514,"comment_status":"open","ping_status":"closed","template":"","meta":[],"class_list":{"0":"post-2513","1":"product","2":"type-product","3":"status-publish","4":"has-post-thumbnail","6":"pwb-brand-duraline","7":"product_cat-laminas-para-rocadeira","8":"product_cat-duraline","10":"first","11":"instock","12":"shipping-taxable","13":"product-type-simple"},"brands":[{"id":90,"name":"Duraline","slug":"duraline"}],"_links":{"self":[{"href":"https:\/\/nordtech.com.br\/index.php?rest_route=\/wp\/v2\/product\/2513","targetHints":{"allow":["GET"]}}],"collection":[{"href":"https:\/\/nordtech.com.br\/index.php?rest_route=\/wp\/v2\/product"}],"about":[{"href":"https:\/\/nordtech.com.br\/index.php?rest_route=\/wp\/v2\/types\/product"}],"replies":[{"embeddable":true,"href":"https:\/\/nordtech.com.br\/index.php?rest_route=%2Fwp%2Fv2%2Fcomments&post=2513"}],"wp:featuredmedia":[{"embeddable":true,"href":"https:\/\/nordtech.com.br\/index.php?rest_route=\/wp\/v2\/media\/2514"}],"wp:attachment":[{"href":"https:\/\/nordtech.com.br\/index.php?rest_route=%2Fwp%2Fv2%2Fmedia&parent=2513"}],"curies":[{"name":"wp","href":"https:\/\/api.w.org\/{rel}","templated":true}]}}