{"id":24895,"date":"2026-03-09T12:30:03","date_gmt":"2026-03-09T15:30:03","guid":{"rendered":"https:\/\/nordtech.com.br\/?post_type=product&#038;p=24895"},"modified":"2026-03-09T12:30:03","modified_gmt":"2026-03-09T15:30:03","slug":"carretel-automatico-duraline-12-x-1-50","status":"publish","type":"product","link":"https:\/\/nordtech.com.br\/?product=carretel-automatico-duraline-12-x-1-50","title":{"rendered":"Carretel Autom\u00e1tico Duraline &#8211; 12 x 1.50"},"content":{"rendered":"","protected":false},"excerpt":{"rendered":"<p>Com um simples toque no solo este carretel libera o Fio de Nylon automaticamente, o excesso \u00e9 cortado pela l\u00e2mina na prote\u00e7\u00e3o. Isto torna a opera\u00e7\u00e3o mais r\u00e1pida, pois o operador n\u00e3o precisa desligar o equipamento para libera\u00e7\u00e3o do fio. Mais rapidez e agilidade na opera\u00e7\u00e3o.<\/p>\n<p><strong>Ideal para:<\/strong><\/p>\n<p><strong>Stihl:<\/strong> FS160\/ FS220\/ FS280<\/p>\n<p><strong>Shibaura:<\/strong> SD35\/ SD41\/ SD45\/ SD57<\/p>\n","protected":false},"featured_media":24877,"comment_status":"closed","ping_status":"closed","template":"","meta":[],"class_list":{"0":"post-24895","1":"product","2":"type-product","3":"status-publish","4":"has-post-thumbnail","6":"pwb-brand-duraline","7":"product_cat-carreteis","8":"product_cat-duraline","10":"first","11":"instock","12":"shipping-taxable","13":"product-type-simple"},"brands":[{"id":90,"name":"Duraline","slug":"duraline"}],"_links":{"self":[{"href":"https:\/\/nordtech.com.br\/index.php?rest_route=\/wp\/v2\/product\/24895","targetHints":{"allow":["GET"]}}],"collection":[{"href":"https:\/\/nordtech.com.br\/index.php?rest_route=\/wp\/v2\/product"}],"about":[{"href":"https:\/\/nordtech.com.br\/index.php?rest_route=\/wp\/v2\/types\/product"}],"replies":[{"embeddable":true,"href":"https:\/\/nordtech.com.br\/index.php?rest_route=%2Fwp%2Fv2%2Fcomments&post=24895"}],"wp:featuredmedia":[{"embeddable":true,"href":"https:\/\/nordtech.com.br\/index.php?rest_route=\/wp\/v2\/media\/24877"}],"wp:attachment":[{"href":"https:\/\/nordtech.com.br\/index.php?rest_route=%2Fwp%2Fv2%2Fmedia&parent=24895"}],"curies":[{"name":"wp","href":"https:\/\/api.w.org\/{rel}","templated":true}]}}