{"id":24894,"date":"2026-03-09T12:28:15","date_gmt":"2026-03-09T15:28:15","guid":{"rendered":"https:\/\/nordtech.com.br\/?post_type=product&#038;p=24894"},"modified":"2026-03-09T12:28:15","modified_gmt":"2026-03-09T15:28:15","slug":"carretel-automatico-duraline-10-x-1-25","status":"publish","type":"product","link":"https:\/\/nordtech.com.br\/?product=carretel-automatico-duraline-10-x-1-25","title":{"rendered":"Carretel Autom\u00e1tico Duraline &#8211; 10 x 1.25"},"content":{"rendered":"","protected":false},"excerpt":{"rendered":"<p>Com um simples toque no solo este carretel libera o Fio de Nylon automaticamente, o excesso \u00e9 cortado pela l\u00e2mina na prote\u00e7\u00e3o. Isto torna a opera\u00e7\u00e3o mais r\u00e1pida, pois o operador n\u00e3o precisa desligar o equipamento para libera\u00e7\u00e3o do fio. Mais rapidez e agilidade na opera\u00e7\u00e3o.<\/p>\n<p><strong>Ideal para:<\/strong><\/p>\n<p><strong>Tekna:<\/strong> BC43HMYTK\/ BC50HMYTK\/ L28BC\/ MF260TKY\/ RC330STKY\/ RC330TKY\/ RC430FSTK\/ RC430FSTKY\/ RL260TK\/ RL260TKY\/ RL330STK\/ RL330TKY\/ RL330XS\/ RL335STKY4\/ RL335THS4\/ RL430STKYX\/ RL430TK\/ RLD260STKY\/ RLD260TKY\/ RLD330STK\/ RLD330STKY\/ RLD330TK<\/p>\n<p><strong>Bandai<\/strong>: RG260\/ RG\/330\/ RG430\/ RG520 &#8211; Coiote: 260B\/ 330B\/ 450B<\/p>\n<p><strong>Echo:<\/strong> 2300\/ 2305\/ 302\/ 3500\/ 3550\/ 3605\/ 385\/ 4000\/ SRM250\/ SRM302 &#8211; Honda 431\/ 435\/ UMK422v<\/p>\n<p><strong>Husqvarna:<\/strong> 128RJ\/ 133R\/ 225\/ 226R\/ 232\/ 240RBD\/ 322R\/ 323\/ 323(R\/RB)\/ 533RS<\/p>\n<p><strong>Kawashima:<\/strong> KW 31-C\/ KW 31-L<\/p>\n<p><strong>Maruyama:<\/strong> BC4320H BC4321H\/ BC5020H\/BC5021H\/<\/p>\n<p><strong>Nakashi<\/strong>: 540\/ C270K\/ C33M\/ C340K\/ C340Z\/ C35-4T\/ C430Z\/ C43M\/ C340Z\/ H430Z\/ L33\/ L331M\/ L33MLX\/ L340K\/ L340Z\/ L35-4T\/ L36ELX\/ L43\/ L430K\/ L430Z\/ L431M\/ L43ELX\/ L43MLX\/ L480K\/ L501M\/ L52\/ L52MLX\/ T331M\/ T33M\/ T340K\/ T340Z\/ VRX 440\/ VS400\/ VX 440<\/p>\n<p><strong>OleoMac:<\/strong> 725D\/ 725T\/ 725T Ergo\/ 746T\/ 753T\/ 755\/ 755MASTER\/ SP37\/ SP37S\/ SP38\/ SP38S\/ SP42BP\/ SP44\/ SP440BP\/ SP44S &#8211; Shibaura: SD 23\/ SD 26<\/p>\n<p><strong>Toyama:<\/strong> RT26L\/ RT26LD\/ RT26LH\/ RT33C\/ RT33L\/ RT33LX\/ RT34L4T\/ RT43C\/ RT43L\/ RT43LD\/ RT43LPROKW\/ TBC26-2P\/ TBC26H\/ TBC26MT\/ TBC26SH\/ TBC33H TBC33SH\/ TBC43H\/ TBC43SH\/ TBC43XP\/ TBC50XP<\/p>\n<p><strong>Trapp:<\/strong> Master 1000<\/p>\n<p><strong>Vulcan:<\/strong> 430P\/ VR3050\/ VR330P<\/p>\n","protected":false},"featured_media":24877,"comment_status":"closed","ping_status":"closed","template":"","meta":[],"class_list":{"0":"post-24894","1":"product","2":"type-product","3":"status-publish","4":"has-post-thumbnail","6":"pwb-brand-duraline","7":"product_cat-carreteis","8":"product_cat-duraline","10":"first","11":"instock","12":"shipping-taxable","13":"product-type-simple"},"brands":[{"id":90,"name":"Duraline","slug":"duraline"}],"_links":{"self":[{"href":"https:\/\/nordtech.com.br\/index.php?rest_route=\/wp\/v2\/product\/24894","targetHints":{"allow":["GET"]}}],"collection":[{"href":"https:\/\/nordtech.com.br\/index.php?rest_route=\/wp\/v2\/product"}],"about":[{"href":"https:\/\/nordtech.com.br\/index.php?rest_route=\/wp\/v2\/types\/product"}],"replies":[{"embeddable":true,"href":"https:\/\/nordtech.com.br\/index.php?rest_route=%2Fwp%2Fv2%2Fcomments&post=24894"}],"wp:featuredmedia":[{"embeddable":true,"href":"https:\/\/nordtech.com.br\/index.php?rest_route=\/wp\/v2\/media\/24877"}],"wp:attachment":[{"href":"https:\/\/nordtech.com.br\/index.php?rest_route=%2Fwp%2Fv2%2Fmedia&parent=24894"}],"curies":[{"name":"wp","href":"https:\/\/api.w.org\/{rel}","templated":true}]}}