{"id":24881,"date":"2026-03-09T12:02:49","date_gmt":"2026-03-09T15:02:49","guid":{"rendered":"https:\/\/nordtech.com.br\/?post_type=product&#038;p=24881"},"modified":"2026-03-09T12:03:57","modified_gmt":"2026-03-09T15:03:57","slug":"carretel-automatico-bate-e-libera-cdjael","status":"publish","type":"product","link":"https:\/\/nordtech.com.br\/?product=carretel-automatico-bate-e-libera-cdjael","title":{"rendered":"Carretel Autom\u00e1tico Bate e Libera &#8211; CDJAEL"},"content":{"rendered":"","protected":false},"excerpt":{"rendered":"<p>Equipados com nylon de alta densidade, esses carret\u00e9is apresentam uma resist\u00eancia a impactos e abras\u00e3o. Al\u00e9m disso, contam com carretel autom\u00e1tico que permite ao operador liberar o fio com apenas um toque no solo, eliminando a necessidade de interromper a opera\u00e7\u00e3o para soltar o nylon.<\/p>\n<p>O abastecimento torna-se simples gra\u00e7as ao sistema Easy Load, que dispensa a desmontagem do carretel. O bot\u00e3o central, pe\u00e7a sujeita a maior atrito com o solo, \u00e9 confeccionado em metal (zamac), proporcionando uma vida \u00fatil prolongada ao carretel, uma vez que sofre menos desgaste.<\/p>\n<h2 class=\"elementor-heading-title elementor-size-default\">Informa\u00e7\u00f5es Adicionais<\/h2>\n<p><img loading=\"lazy\" decoding=\"async\" class=\"wp-image-24882 alignleft\" src=\"https:\/\/nordtech.com.br\/wp-content\/uploads\/2026\/03\/Tabela_CDJAEL.png\" alt=\"\" width=\"814\" height=\"355\" \/><\/p>\n","protected":false},"featured_media":24883,"comment_status":"closed","ping_status":"closed","template":"","meta":[],"class_list":{"0":"post-24881","1":"product","2":"type-product","3":"status-publish","4":"has-post-thumbnail","6":"pwb-brand-duraline","7":"product_cat-carreteis","8":"product_cat-duraline","10":"first","11":"instock","12":"shipping-taxable","13":"product-type-simple"},"brands":[{"id":90,"name":"Duraline","slug":"duraline"}],"_links":{"self":[{"href":"https:\/\/nordtech.com.br\/index.php?rest_route=\/wp\/v2\/product\/24881","targetHints":{"allow":["GET"]}}],"collection":[{"href":"https:\/\/nordtech.com.br\/index.php?rest_route=\/wp\/v2\/product"}],"about":[{"href":"https:\/\/nordtech.com.br\/index.php?rest_route=\/wp\/v2\/types\/product"}],"replies":[{"embeddable":true,"href":"https:\/\/nordtech.com.br\/index.php?rest_route=%2Fwp%2Fv2%2Fcomments&post=24881"}],"wp:featuredmedia":[{"embeddable":true,"href":"https:\/\/nordtech.com.br\/index.php?rest_route=\/wp\/v2\/media\/24883"}],"wp:attachment":[{"href":"https:\/\/nordtech.com.br\/index.php?rest_route=%2Fwp%2Fv2%2Fmedia&parent=24881"}],"curies":[{"name":"wp","href":"https:\/\/api.w.org\/{rel}","templated":true}]}}