{"id":24878,"date":"2026-03-09T11:45:14","date_gmt":"2026-03-09T14:45:14","guid":{"rendered":"https:\/\/nordtech.com.br\/?post_type=product&#038;p=24878"},"modified":"2026-03-09T11:45:14","modified_gmt":"2026-03-09T14:45:14","slug":"carretel-automatico-universal-cdjflx-2l","status":"publish","type":"product","link":"https:\/\/nordtech.com.br\/?product=carretel-automatico-universal-cdjflx-2l","title":{"rendered":"Carretel Autom\u00e1tico Universal CDJFLX-2L"},"content":{"rendered":"","protected":false},"excerpt":{"rendered":"<p>Carretel Universal para fios acima de 3 mm e em especial para fios Serrilhados. Utiliza fio cortado e sua fixa\u00e7\u00e3o se d\u00e1 por clip interno que fixa o fio.<\/p>\n","protected":false},"featured_media":24879,"comment_status":"closed","ping_status":"closed","template":"","meta":[],"class_list":{"0":"post-24878","1":"product","2":"type-product","3":"status-publish","4":"has-post-thumbnail","6":"pwb-brand-duraline","7":"product_cat-carreteis","8":"product_cat-duraline","10":"first","11":"instock","12":"shipping-taxable","13":"product-type-simple"},"brands":[{"id":90,"name":"Duraline","slug":"duraline"}],"_links":{"self":[{"href":"https:\/\/nordtech.com.br\/index.php?rest_route=\/wp\/v2\/product\/24878","targetHints":{"allow":["GET"]}}],"collection":[{"href":"https:\/\/nordtech.com.br\/index.php?rest_route=\/wp\/v2\/product"}],"about":[{"href":"https:\/\/nordtech.com.br\/index.php?rest_route=\/wp\/v2\/types\/product"}],"replies":[{"embeddable":true,"href":"https:\/\/nordtech.com.br\/index.php?rest_route=%2Fwp%2Fv2%2Fcomments&post=24878"}],"wp:featuredmedia":[{"embeddable":true,"href":"https:\/\/nordtech.com.br\/index.php?rest_route=\/wp\/v2\/media\/24879"}],"wp:attachment":[{"href":"https:\/\/nordtech.com.br\/index.php?rest_route=%2Fwp%2Fv2%2Fmedia&parent=24878"}],"curies":[{"name":"wp","href":"https:\/\/api.w.org\/{rel}","templated":true}]}}