{"id":24875,"date":"2026-03-09T11:38:19","date_gmt":"2026-03-09T14:38:19","guid":{"rendered":"https:\/\/nordtech.com.br\/?post_type=product&#038;p=24875"},"modified":"2026-03-09T12:26:31","modified_gmt":"2026-03-09T15:26:31","slug":"carretel-automatico-duraline","status":"publish","type":"product","link":"https:\/\/nordtech.com.br\/?product=carretel-automatico-duraline","title":{"rendered":"Carretel Autom\u00e1tico Duraline &#8211; 08 x 1.25"},"content":{"rendered":"","protected":false},"excerpt":{"rendered":"<p>Com um simples toque no solo este carretel libera o Fio de Nylon automaticamente, o excesso \u00e9 cortado pela l\u00e2mina na prote\u00e7\u00e3o. Isto torna a opera\u00e7\u00e3o mais r\u00e1pida, pois o operador n\u00e3o precisa desligar o equipamento para libera\u00e7\u00e3o do fio. Mais rapidez e agilidade na opera\u00e7\u00e3o.<\/p>\n<p><strong>Ideal para:<\/strong><\/p>\n<p><strong>Tekna:<\/strong> BC1200E1SS\/ BC1200E2SS<\/p>\n<p><strong>Efco:<\/strong> 25IC\/ 42BP\/ 460\/ 8405\/ JET400\/ ST25\/ ST37\/ ST44<\/p>\n<p><strong>Garthen:<\/strong> BG-330B\/ BG-430B\/ BG431\/ CG-261B\/ CG-330B\/ CG-420B\/ CG420W\/ CG431<\/p>\n<p><strong>Honda:<\/strong> 35B\/ UMK 26B<\/p>\n<p><strong>Maruyama:<\/strong> BC2259H\/ BC329H \/ MBS329<\/p>\n<p><strong> Nakashi:<\/strong> L23ELX\/ L26\/ L260Z\/ L261M\/ L270K\/ L27KS\/ LE-1000\/ T260Z\/ T261M T270K<\/p>\n<p><strong>OleoMac:<\/strong> 440BP\/ 740T\/ SP25\/SP25D \/SP40BP\/ 35C 270<\/p>\n<p><strong>Shindaiwa:<\/strong> BP35\/ C270<\/p>\n<p><strong>Tanaka:<\/strong> TBC 250<\/p>\n","protected":false},"featured_media":24877,"comment_status":"closed","ping_status":"closed","template":"","meta":[],"class_list":{"0":"post-24875","1":"product","2":"type-product","3":"status-publish","4":"has-post-thumbnail","6":"pwb-brand-duraline","7":"product_cat-carreteis","8":"product_cat-duraline","10":"first","11":"instock","12":"shipping-taxable","13":"product-type-simple"},"brands":[{"id":90,"name":"Duraline","slug":"duraline"}],"_links":{"self":[{"href":"https:\/\/nordtech.com.br\/index.php?rest_route=\/wp\/v2\/product\/24875","targetHints":{"allow":["GET"]}}],"collection":[{"href":"https:\/\/nordtech.com.br\/index.php?rest_route=\/wp\/v2\/product"}],"about":[{"href":"https:\/\/nordtech.com.br\/index.php?rest_route=\/wp\/v2\/types\/product"}],"replies":[{"embeddable":true,"href":"https:\/\/nordtech.com.br\/index.php?rest_route=%2Fwp%2Fv2%2Fcomments&post=24875"}],"wp:featuredmedia":[{"embeddable":true,"href":"https:\/\/nordtech.com.br\/index.php?rest_route=\/wp\/v2\/media\/24877"}],"wp:attachment":[{"href":"https:\/\/nordtech.com.br\/index.php?rest_route=%2Fwp%2Fv2%2Fmedia&parent=24875"}],"curies":[{"name":"wp","href":"https:\/\/api.w.org\/{rel}","templated":true}]}}