{"id":21002,"date":"2025-03-24T10:23:00","date_gmt":"2025-03-24T13:23:00","guid":{"rendered":"https:\/\/nordtech.com.br\/?post_type=product&#038;p=21002"},"modified":"2025-03-27T16:27:47","modified_gmt":"2025-03-27T19:27:47","slug":"cortador-de-grama-a-bateria","status":"publish","type":"product","link":"https:\/\/nordtech.com.br\/?product=cortador-de-grama-a-bateria","title":{"rendered":"Cortador de Grama a bateria 82v"},"content":{"rendered":"<p>Acompanha bateria e carregador<\/p>\n","protected":false},"excerpt":{"rendered":"<p>O cortador de grama de a\u00e7o autopropelido de 82V 21&#8243; com tra\u00e7\u00e3o traseira oferece a pot\u00eancia e o desempenho de que voc\u00ea precisa para o desempenho durante todo o dia. A tecnologia SmartCut\u2122 detecta grama mais densa e fornece mais pot\u00eancia quando necess\u00e1rio para manter um desempenho de corte consistente. Acompanha carregador e bateria.<\/p>\n","protected":false},"featured_media":21003,"comment_status":"open","ping_status":"closed","template":"","meta":[],"class_list":{"0":"post-21002","1":"product","2":"type-product","3":"status-publish","4":"has-post-thumbnail","6":"pwb-brand-greenworks","7":"product_cat-cortador-de-grama","8":"product_cat-greenworks","10":"first","11":"instock","12":"shipping-taxable","13":"product-type-simple"},"brands":[{"id":273,"name":"Greenworks","slug":"greenworks"}],"_links":{"self":[{"href":"https:\/\/nordtech.com.br\/index.php?rest_route=\/wp\/v2\/product\/21002","targetHints":{"allow":["GET"]}}],"collection":[{"href":"https:\/\/nordtech.com.br\/index.php?rest_route=\/wp\/v2\/product"}],"about":[{"href":"https:\/\/nordtech.com.br\/index.php?rest_route=\/wp\/v2\/types\/product"}],"replies":[{"embeddable":true,"href":"https:\/\/nordtech.com.br\/index.php?rest_route=%2Fwp%2Fv2%2Fcomments&post=21002"}],"wp:featuredmedia":[{"embeddable":true,"href":"https:\/\/nordtech.com.br\/index.php?rest_route=\/wp\/v2\/media\/21003"}],"wp:attachment":[{"href":"https:\/\/nordtech.com.br\/index.php?rest_route=%2Fwp%2Fv2%2Fmedia&parent=21002"}],"curies":[{"name":"wp","href":"https:\/\/api.w.org\/{rel}","templated":true}]}}