{"id":20991,"date":"2025-03-24T10:20:33","date_gmt":"2025-03-24T13:20:33","guid":{"rendered":"https:\/\/nordtech.com.br\/?post_type=product&#038;p=20991"},"modified":"2025-03-24T14:11:45","modified_gmt":"2025-03-24T17:11:45","slug":"soprador-de-folhas-2","status":"publish","type":"product","link":"https:\/\/nordtech.com.br\/?product=soprador-de-folhas-2","title":{"rendered":"Soprador de Folhas"},"content":{"rendered":"","protected":false},"excerpt":{"rendered":"<p><strong>O SOPRADOR DE MOCHILA MAIS POTENTE DA SUA CLASSE<\/strong><\/p>\n<p><strong>Tempo M\u00e1ximo de Execu\u00e7\u00e3o<\/strong><br \/>\n60 min<\/p>\n<p><strong>Velocidade do ar<\/strong><br \/>\n195 MPH<\/p>\n<p><strong>Volume do ar<\/strong><br \/>\n690 CFM<\/p>\n<ul>\n<li>Bloqueio de Cruise Control e Modo Turbo<\/li>\n<li>At\u00e9 60 minutos no modo alto, 34 minutos no modo turbo e 2-3 horas no modo baixo<\/li>\n<li>Gatilho de velocidade vari\u00e1vel<\/li>\n<\/ul>\n","protected":false},"featured_media":20993,"comment_status":"open","ping_status":"closed","template":"","meta":[],"class_list":{"0":"post-20991","1":"product","2":"type-product","3":"status-publish","4":"has-post-thumbnail","6":"pwb-brand-greenworks","7":"product_cat-greenworks","8":"product_cat-soprador-de-folhas","10":"first","11":"instock","12":"shipping-taxable","13":"product-type-simple"},"brands":[{"id":273,"name":"Greenworks","slug":"greenworks"}],"_links":{"self":[{"href":"https:\/\/nordtech.com.br\/index.php?rest_route=\/wp\/v2\/product\/20991","targetHints":{"allow":["GET"]}}],"collection":[{"href":"https:\/\/nordtech.com.br\/index.php?rest_route=\/wp\/v2\/product"}],"about":[{"href":"https:\/\/nordtech.com.br\/index.php?rest_route=\/wp\/v2\/types\/product"}],"replies":[{"embeddable":true,"href":"https:\/\/nordtech.com.br\/index.php?rest_route=%2Fwp%2Fv2%2Fcomments&post=20991"}],"wp:featuredmedia":[{"embeddable":true,"href":"https:\/\/nordtech.com.br\/index.php?rest_route=\/wp\/v2\/media\/20993"}],"wp:attachment":[{"href":"https:\/\/nordtech.com.br\/index.php?rest_route=%2Fwp%2Fv2%2Fmedia&parent=20991"}],"curies":[{"name":"wp","href":"https:\/\/api.w.org\/{rel}","templated":true}]}}