{"id":20988,"date":"2025-03-24T10:19:10","date_gmt":"2025-03-24T13:19:10","guid":{"rendered":"https:\/\/nordtech.com.br\/?post_type=product&#038;p=20988"},"modified":"2025-03-27T17:05:45","modified_gmt":"2025-03-27T20:05:45","slug":"conjunto-de-enxadas","status":"publish","type":"product","link":"https:\/\/nordtech.com.br\/?product=conjunto-de-enxadas","title":{"rendered":"Conjunto de Enxadas"},"content":{"rendered":"","protected":false},"excerpt":{"rendered":"<p>Obtenha a m\u00e1xima versatilidade com os acess\u00f3rios de aparadores,\u00a0 com capacidade de acess\u00f3rios comerciais da Greenworks, \u00e9 f\u00e1cil realizar todas as tarefas ao ar livre rapidamente. Troque os acess\u00f3rios da ferramenta em tempo real e transforme seu aparador em um cultivador. \u00c9 simples assim.<\/p>\n","protected":false},"featured_media":20990,"comment_status":"open","ping_status":"closed","template":"","meta":[],"class_list":{"0":"post-20988","1":"product","2":"type-product","3":"status-publish","4":"has-post-thumbnail","6":"pwb-brand-greenworks","7":"product_cat-conjunto-de-enxadas","8":"product_cat-greenworks","10":"first","11":"instock","12":"shipping-taxable","13":"product-type-simple"},"brands":[{"id":273,"name":"Greenworks","slug":"greenworks"}],"_links":{"self":[{"href":"https:\/\/nordtech.com.br\/index.php?rest_route=\/wp\/v2\/product\/20988","targetHints":{"allow":["GET"]}}],"collection":[{"href":"https:\/\/nordtech.com.br\/index.php?rest_route=\/wp\/v2\/product"}],"about":[{"href":"https:\/\/nordtech.com.br\/index.php?rest_route=\/wp\/v2\/types\/product"}],"replies":[{"embeddable":true,"href":"https:\/\/nordtech.com.br\/index.php?rest_route=%2Fwp%2Fv2%2Fcomments&post=20988"}],"wp:featuredmedia":[{"embeddable":true,"href":"https:\/\/nordtech.com.br\/index.php?rest_route=\/wp\/v2\/media\/20990"}],"wp:attachment":[{"href":"https:\/\/nordtech.com.br\/index.php?rest_route=%2Fwp%2Fv2%2Fmedia&parent=20988"}],"curies":[{"name":"wp","href":"https:\/\/api.w.org\/{rel}","templated":true}]}}