{"id":20986,"date":"2025-03-24T10:17:32","date_gmt":"2025-03-24T13:17:32","guid":{"rendered":"https:\/\/nordtech.com.br\/?post_type=product&#038;p=20986"},"modified":"2026-04-28T10:53:08","modified_gmt":"2026-04-28T13:53:08","slug":"bateria-de-litio-4a","status":"publish","type":"product","link":"https:\/\/nordtech.com.br\/?product=bateria-de-litio-4a","title":{"rendered":"Bateria de L\u00edtio 4A &#8211; 82v"},"content":{"rendered":"","protected":false},"excerpt":{"rendered":"<p>As baterias de \u00edon de l\u00edtio de 82 V comerciais da Greenworks fornecem energia duradoura, garantindo que suas ferramentas estejam prontas para trabalhar quando voc\u00ea estiver. Combinada com a tecnologia de motor sem escovas, nossa linha de ferramentas de 82V oferece torque incr\u00edvel, tempo de execu\u00e7\u00e3o prolongado e longa vida \u00fatil, para que os usu\u00e1rios possam contar com nossas ferramentas para uma pot\u00eancia confi\u00e1vel que resiste aos trabalhos mais dif\u00edceis, todos os dias. Eles s\u00e3o projetados para carregar rapidamente. Al\u00e9m disso, cada bateria se encaixa em uma variedade de ferramentas, e nossos carregadores alimentam v\u00e1rios tamanhos e tipos de bateria.<\/p>\n","protected":false},"featured_media":25157,"comment_status":"open","ping_status":"closed","template":"","meta":[],"class_list":{"0":"post-20986","1":"product","2":"type-product","3":"status-publish","4":"has-post-thumbnail","6":"pwb-brand-greenworks","7":"product_cat-bateria","8":"product_cat-greenworks","10":"first","11":"instock","12":"shipping-taxable","13":"product-type-simple"},"brands":[{"id":273,"name":"Greenworks","slug":"greenworks"}],"_links":{"self":[{"href":"https:\/\/nordtech.com.br\/index.php?rest_route=\/wp\/v2\/product\/20986","targetHints":{"allow":["GET"]}}],"collection":[{"href":"https:\/\/nordtech.com.br\/index.php?rest_route=\/wp\/v2\/product"}],"about":[{"href":"https:\/\/nordtech.com.br\/index.php?rest_route=\/wp\/v2\/types\/product"}],"replies":[{"embeddable":true,"href":"https:\/\/nordtech.com.br\/index.php?rest_route=%2Fwp%2Fv2%2Fcomments&post=20986"}],"wp:featuredmedia":[{"embeddable":true,"href":"https:\/\/nordtech.com.br\/index.php?rest_route=\/wp\/v2\/media\/25157"}],"wp:attachment":[{"href":"https:\/\/nordtech.com.br\/index.php?rest_route=%2Fwp%2Fv2%2Fmedia&parent=20986"}],"curies":[{"name":"wp","href":"https:\/\/api.w.org\/{rel}","templated":true}]}}