{"id":20984,"date":"2025-03-24T10:16:42","date_gmt":"2025-03-24T13:16:42","guid":{"rendered":"https:\/\/nordtech.com.br\/?post_type=product&#038;p=20984"},"modified":"2025-03-27T16:32:57","modified_gmt":"2025-03-27T19:32:57","slug":"refletor-de-led","status":"publish","type":"product","link":"https:\/\/nordtech.com.br\/?product=refletor-de-led","title":{"rendered":"Refletor de Led 82v"},"content":{"rendered":"","protected":false},"excerpt":{"rendered":"<p><strong>TEMPO DE EXECU\u00c7\u00c3O M\u00c1XIMO<\/strong><br \/>\n22 horas<\/p>\n<p><b>LUMENS<br \/>\n<\/b>2,500<\/p>\n<p><strong>SA\u00cdDA DE ENERGIA<\/strong><br \/>\n40w<\/p>\n<ul>\n<li>Rota\u00e7\u00e3o de 360\u00b0 para ilumina\u00e7\u00e3o geral<\/li>\n<li>Ganchos de suspens\u00e3o inclu\u00eddos<\/li>\n<li>Pode ser alimentado por bateria ou cabo de extens\u00e3o<\/li>\n<li>Punho Overmold Acolchoado<\/li>\n<\/ul>\n","protected":false},"featured_media":20985,"comment_status":"open","ping_status":"closed","template":"","meta":[],"class_list":{"0":"post-20984","1":"product","2":"type-product","3":"status-publish","4":"has-post-thumbnail","6":"pwb-brand-greenworks","7":"product_cat-greenworks","8":"product_cat-led","10":"first","11":"instock","12":"shipping-taxable","13":"product-type-simple"},"brands":[{"id":273,"name":"Greenworks","slug":"greenworks"}],"_links":{"self":[{"href":"https:\/\/nordtech.com.br\/index.php?rest_route=\/wp\/v2\/product\/20984","targetHints":{"allow":["GET"]}}],"collection":[{"href":"https:\/\/nordtech.com.br\/index.php?rest_route=\/wp\/v2\/product"}],"about":[{"href":"https:\/\/nordtech.com.br\/index.php?rest_route=\/wp\/v2\/types\/product"}],"replies":[{"embeddable":true,"href":"https:\/\/nordtech.com.br\/index.php?rest_route=%2Fwp%2Fv2%2Fcomments&post=20984"}],"wp:featuredmedia":[{"embeddable":true,"href":"https:\/\/nordtech.com.br\/index.php?rest_route=\/wp\/v2\/media\/20985"}],"wp:attachment":[{"href":"https:\/\/nordtech.com.br\/index.php?rest_route=%2Fwp%2Fv2%2Fmedia&parent=20984"}],"curies":[{"name":"wp","href":"https:\/\/api.w.org\/{rel}","templated":true}]}}