{"id":20982,"date":"2025-03-24T10:11:48","date_gmt":"2025-03-24T13:11:48","guid":{"rendered":"https:\/\/nordtech.com.br\/?post_type=product&#038;p=20982"},"modified":"2025-03-27T16:33:06","modified_gmt":"2025-03-27T19:33:06","slug":"soprador-de-folhas","status":"publish","type":"product","link":"https:\/\/nordtech.com.br\/?product=soprador-de-folhas","title":{"rendered":"Soprador de Folhas 82v"},"content":{"rendered":"","protected":false},"excerpt":{"rendered":"<p><strong>SOPRADOR PORT\u00c1TIL &#8211; 38% MAIS POT\u00caNCIA<\/strong><\/p>\n<p><strong>TEMPO M\u00c1XIMO DE EXECU\u00c7\u00c3O<\/strong><br \/>\n120 min<\/p>\n<p><strong>VELOCIDADE DO AR<\/strong><br \/>\n140 MPH<\/p>\n<p><strong>VOLUME DE AR<\/strong><br \/>\n760 CFM<\/p>\n<ul>\n<li>Opera\u00e7\u00e3o de baixo ru\u00eddo a 76 dB<\/li>\n<li>At\u00e9 18 minutos no modo alto, 13 minutos no modo turbo e 2 horas no modo baixo<\/li>\n<li>Gatilho de velocidade vari\u00e1vel<\/li>\n<\/ul>\n","protected":false},"featured_media":20983,"comment_status":"open","ping_status":"closed","template":"","meta":[],"class_list":{"0":"post-20982","1":"product","2":"type-product","3":"status-publish","4":"has-post-thumbnail","6":"pwb-brand-greenworks","7":"product_cat-greenworks","8":"product_cat-soprador-de-folhas","10":"first","11":"instock","12":"shipping-taxable","13":"product-type-simple"},"brands":[{"id":273,"name":"Greenworks","slug":"greenworks"}],"_links":{"self":[{"href":"https:\/\/nordtech.com.br\/index.php?rest_route=\/wp\/v2\/product\/20982","targetHints":{"allow":["GET"]}}],"collection":[{"href":"https:\/\/nordtech.com.br\/index.php?rest_route=\/wp\/v2\/product"}],"about":[{"href":"https:\/\/nordtech.com.br\/index.php?rest_route=\/wp\/v2\/types\/product"}],"replies":[{"embeddable":true,"href":"https:\/\/nordtech.com.br\/index.php?rest_route=%2Fwp%2Fv2%2Fcomments&post=20982"}],"wp:featuredmedia":[{"embeddable":true,"href":"https:\/\/nordtech.com.br\/index.php?rest_route=\/wp\/v2\/media\/20983"}],"wp:attachment":[{"href":"https:\/\/nordtech.com.br\/index.php?rest_route=%2Fwp%2Fv2%2Fmedia&parent=20982"}],"curies":[{"name":"wp","href":"https:\/\/api.w.org\/{rel}","templated":true}]}}