{"id":20976,"date":"2025-03-24T10:01:25","date_gmt":"2025-03-24T13:01:25","guid":{"rendered":"https:\/\/nordtech.com.br\/?post_type=product&#038;p=20976"},"modified":"2025-03-27T16:33:19","modified_gmt":"2025-03-27T19:33:19","slug":"soprador-de-folhas-com-bateria","status":"publish","type":"product","link":"https:\/\/nordtech.com.br\/?product=soprador-de-folhas-com-bateria","title":{"rendered":"Soprador de Folhas com Bateria 82v"},"content":{"rendered":"<p>O produto acompanha carregador e bateria<\/p>\n","protected":false},"excerpt":{"rendered":"<p><strong>PODER QUE VAI TE SURPREENDER<\/strong><\/p>\n<p>Perfeito para os toques finais, ajuda voc\u00ea a libertar seu jardim e caminhos de folhas irritantes, sujeira e muito mais! O gatilho vari\u00e1vel permite controlar com precis\u00e3o quanta energia o dispositivo libera. Para per\u00edodos mais longos de uso prolongado, ative o Cruise Control para uma opera\u00e7\u00e3o sem esfor\u00e7o. Compacto e leve para conforto, controle e menos fadiga -33% mais potente do que os modelos movidos a g\u00e1s compar\u00e1veis.<\/p>\n<p><strong>TEMPO DE EXECU\u00c7\u00c3O<\/strong><br \/>\nA tecnologia avan\u00e7ada da bateria fornece energia confi\u00e1vel e longos tempos de execu\u00e7\u00e3o (at\u00e9 150 min. com bateria GL900 12.5Ah \/ bateria vendida separadamente<\/p>\n<p><strong>COMPAT\u00cdVEL COM MOCHILA\/ARN\u00caS<\/strong><br \/>\nFunciona com todas as solu\u00e7\u00f5es de bateria de mochila Greenworks.<\/p>\n<p><strong>CONTROLE DE VELOCIDADE VARI\u00c1VEL<\/strong><br \/>\nO gatilho de velocidade vari\u00e1vel com controle de cruzeiro fornece controle adicional quando necess\u00e1rio.<\/p>\n","protected":false},"featured_media":20980,"comment_status":"open","ping_status":"closed","template":"","meta":[],"class_list":{"0":"post-20976","1":"product","2":"type-product","3":"status-publish","4":"has-post-thumbnail","6":"pwb-brand-greenworks","7":"product_cat-greenworks","8":"product_cat-soprador-de-folhas","10":"first","11":"instock","12":"shipping-taxable","13":"product-type-simple"},"brands":[{"id":273,"name":"Greenworks","slug":"greenworks"}],"_links":{"self":[{"href":"https:\/\/nordtech.com.br\/index.php?rest_route=\/wp\/v2\/product\/20976","targetHints":{"allow":["GET"]}}],"collection":[{"href":"https:\/\/nordtech.com.br\/index.php?rest_route=\/wp\/v2\/product"}],"about":[{"href":"https:\/\/nordtech.com.br\/index.php?rest_route=\/wp\/v2\/types\/product"}],"replies":[{"embeddable":true,"href":"https:\/\/nordtech.com.br\/index.php?rest_route=%2Fwp%2Fv2%2Fcomments&post=20976"}],"wp:featuredmedia":[{"embeddable":true,"href":"https:\/\/nordtech.com.br\/index.php?rest_route=\/wp\/v2\/media\/20980"}],"wp:attachment":[{"href":"https:\/\/nordtech.com.br\/index.php?rest_route=%2Fwp%2Fv2%2Fmedia&parent=20976"}],"curies":[{"name":"wp","href":"https:\/\/api.w.org\/{rel}","templated":true}]}}