{"id":20974,"date":"2025-03-24T10:00:03","date_gmt":"2025-03-24T13:00:03","guid":{"rendered":"https:\/\/nordtech.com.br\/?post_type=product&#038;p=20974"},"modified":"2025-03-28T09:36:33","modified_gmt":"2025-03-28T12:36:33","slug":"aparador-de-cerca-viva-2","status":"publish","type":"product","link":"https:\/\/nordtech.com.br\/?product=aparador-de-cerca-viva-2","title":{"rendered":"Aparador de Cerca Viva 82v"},"content":{"rendered":"","protected":false},"excerpt":{"rendered":"<p>Nosso Aparador de cerca viva com vara mais leve e compacto para controle e manuseio superiores; para corte multiuso. 20% mais leve do que os Aparador de cerca viva de polo curto. O motor sem escovas compacto, mas potente, fornece toda a pot\u00eancia diretamente na caixa de engrenagens para maior efici\u00eancia e menos desgaste.<\/p>\n<p><strong>REDUZA O RU\u00cdDO, O TEMPO E O DINHEIRO; SEM PERDER POT\u00caNCIA<\/strong><\/p>\n<p><strong>MOTOR SEM ESCOVA<\/strong><br \/>\nFornece torque quando voc\u00ea precisa para fazer o trabalho e prolonga a vida \u00fatil do seu equipamento enquanto minimiza a vibra\u00e7\u00e3o para mais conforto durante o uso.<\/p>\n<p><strong>L\u00c2MINAS CORTADAS A LASER<\/strong><br \/>\nGarante um corte consistente, preciso e limpo em todos os \u00e2ngulos de corte<\/p>\n<p><strong>CABO SOBREMOLDADO CONTORNADO<\/strong><br \/>\nPara conforto do usu\u00e1rio<\/p>\n","protected":false},"featured_media":20975,"comment_status":"open","ping_status":"closed","template":"","meta":[],"class_list":{"0":"post-20974","1":"product","2":"type-product","3":"status-publish","4":"has-post-thumbnail","6":"pwb-brand-greenworks","7":"product_cat-aparador-de-cerca-viva","8":"product_cat-greenworks","10":"first","11":"instock","12":"shipping-taxable","13":"product-type-simple"},"brands":[{"id":273,"name":"Greenworks","slug":"greenworks"}],"_links":{"self":[{"href":"https:\/\/nordtech.com.br\/index.php?rest_route=\/wp\/v2\/product\/20974","targetHints":{"allow":["GET"]}}],"collection":[{"href":"https:\/\/nordtech.com.br\/index.php?rest_route=\/wp\/v2\/product"}],"about":[{"href":"https:\/\/nordtech.com.br\/index.php?rest_route=\/wp\/v2\/types\/product"}],"replies":[{"embeddable":true,"href":"https:\/\/nordtech.com.br\/index.php?rest_route=%2Fwp%2Fv2%2Fcomments&post=20974"}],"wp:featuredmedia":[{"embeddable":true,"href":"https:\/\/nordtech.com.br\/index.php?rest_route=\/wp\/v2\/media\/20975"}],"wp:attachment":[{"href":"https:\/\/nordtech.com.br\/index.php?rest_route=%2Fwp%2Fv2%2Fmedia&parent=20974"}],"curies":[{"name":"wp","href":"https:\/\/api.w.org\/{rel}","templated":true}]}}