{"id":20972,"date":"2025-03-24T09:57:18","date_gmt":"2025-03-24T12:57:18","guid":{"rendered":"https:\/\/nordtech.com.br\/?post_type=product&#038;p=20972"},"modified":"2025-03-27T16:34:09","modified_gmt":"2025-03-27T19:34:09","slug":"aparador-de-cerca-viva-com-mochila","status":"publish","type":"product","link":"https:\/\/nordtech.com.br\/?product=aparador-de-cerca-viva-com-mochila","title":{"rendered":"Aparador de Cerca Viva 82v com Mochila"},"content":{"rendered":"","protected":false},"excerpt":{"rendered":"<p>O 82H26D \u00e9 leve e poderoso, proporcionando desempenho de at\u00e9 4.000 SPM com um design de bateria de cintura que economiza peso. Al\u00e9m disso, o aparadores de cerca viva dedicado de 82 V e 26&#8243; oferece uma al\u00e7a girat\u00f3ria completa, oferecendo aos usu\u00e1rios uma ampla variedade de \u00e2ngulos no local de trabalho. O sistema de l\u00e2mina de dupla a\u00e7\u00e3o cortada a laser de 26&#8243; mant\u00e9m uma capacidade de corte de 3\/4&#8243;<\/p>\n<p><strong>TECNOLOGIA DE MOTOR SEM ESCOVAS<\/strong><br \/>\nAlimentado por motor brushless avan\u00e7ado para torque e pot\u00eancia incr\u00edveis, tempo de execu\u00e7\u00e3o prolongado e longa vida \u00fatil.<\/p>\n<p><strong>L\u00c2MINAS CORTADAS A LASER<\/strong><br \/>\nAs l\u00e2minas de corte a laser de a\u00e7\u00e3o dupla fornecem um corte consistente, preciso e limpo de todos os \u00e2ngulos de corte<\/p>\n<p><strong>PUNHO ROTATIVO<\/strong><br \/>\nO cabo gira para cortar facilmente em qualquer \u00e2ngulo com deslocamento m\u00ednimo na postura de corte do usu\u00e1rio<\/p>\n<p>&nbsp;<\/p>\n","protected":false},"featured_media":20973,"comment_status":"open","ping_status":"closed","template":"","meta":[],"class_list":{"0":"post-20972","1":"product","2":"type-product","3":"status-publish","4":"has-post-thumbnail","6":"pwb-brand-greenworks","7":"product_cat-aparador-de-cerca-viva","8":"product_cat-greenworks","10":"first","11":"instock","12":"shipping-taxable","13":"product-type-simple"},"brands":[{"id":273,"name":"Greenworks","slug":"greenworks"}],"_links":{"self":[{"href":"https:\/\/nordtech.com.br\/index.php?rest_route=\/wp\/v2\/product\/20972","targetHints":{"allow":["GET"]}}],"collection":[{"href":"https:\/\/nordtech.com.br\/index.php?rest_route=\/wp\/v2\/product"}],"about":[{"href":"https:\/\/nordtech.com.br\/index.php?rest_route=\/wp\/v2\/types\/product"}],"replies":[{"embeddable":true,"href":"https:\/\/nordtech.com.br\/index.php?rest_route=%2Fwp%2Fv2%2Fcomments&post=20972"}],"wp:featuredmedia":[{"embeddable":true,"href":"https:\/\/nordtech.com.br\/index.php?rest_route=\/wp\/v2\/media\/20973"}],"wp:attachment":[{"href":"https:\/\/nordtech.com.br\/index.php?rest_route=%2Fwp%2Fv2%2Fmedia&parent=20972"}],"curies":[{"name":"wp","href":"https:\/\/api.w.org\/{rel}","templated":true}]}}