{"id":20969,"date":"2025-03-24T09:55:58","date_gmt":"2025-03-24T12:55:58","guid":{"rendered":"https:\/\/nordtech.com.br\/?post_type=product&#038;p=20969"},"modified":"2025-03-27T16:55:26","modified_gmt":"2025-03-27T19:55:26","slug":"aparador-de-cerca-viva-com-mochila-82v","status":"publish","type":"product","link":"https:\/\/nordtech.com.br\/?product=aparador-de-cerca-viva-com-mochila-82v","title":{"rendered":"Aparador de Cerca Viva 82v"},"content":{"rendered":"","protected":false},"excerpt":{"rendered":"<p>Os aparadores de cerca viva Greenworks s\u00e3o leves e potentes, proporcionando at\u00e9 4.000 cortes por minuto. Cada modelo possui um motor sem escovas que fornece torque incr\u00edvel, tempos de execu\u00e7\u00e3o super longos e longa vida \u00fatil &#8211; com muita pot\u00eancia para excelente desempenho de corte em condi\u00e7\u00f5es dif\u00edceis. Todos os aparadores de cerca viva comerciais da Greenworks come\u00e7am com um simples pux\u00e3o do gatilho; e apresentam l\u00e2minas de corte a laser de dupla a\u00e7\u00e3o para cortes mais limpos; al\u00e7a traseira girat\u00f3ria para aparar em v\u00e1rios \u00e2ngulos; e protetor de ponta de l\u00e2mina que protege as l\u00e2minas contra danos.<\/p>\n<p><strong>TECNOLOGIA DE MOTOR SEM ESCOVAS<\/strong><br \/>\nAlimentado por motor brushless avan\u00e7ado para torque e pot\u00eancia incr\u00edveis, tempo de execu\u00e7\u00e3o prolongado e longa vida \u00fatil.<\/p>\n<p><strong>L\u00c2MINAS DE CORTE A LASER BATERIA DE MOCHILA\u00a0<\/strong><br \/>\nAs l\u00e2minas de dupla a\u00e7\u00e3o, cortadas a laser, proporcionam um corte consistente, preciso e limpo a partir de todos os \u00e2ngulos de corte.<\/p>\n<p><strong>PROTETOR DE PONTA DE L\u00c2MINA<\/strong><br \/>\nProtege as l\u00e2minas contra danos para que permane\u00e7am afiadas por mais tempo<\/p>\n<p><strong>PUNHO ROTATIVO<\/strong><br \/>\nO cabo gira para cortar facilmente em qualquer \u00e2ngulo com deslocamento m\u00ednimo na postura de corte do usu\u00e1rio.<\/p>\n<p><strong>AL\u00c7A ROTATIVA DE 3 POSI\u00c7\u00d5ES<br \/>\n<\/strong> A al\u00e7a gira para cortar facilmente na maioria dos \u00e2ngulos, com deslocamento m\u00ednimo na postura de corte do usu\u00e1rio.<\/p>\n<p><strong>FUN\u00c7\u00c3O ANTI-JAM<\/strong><br \/>\nPermite ao usu\u00e1rio inverter as l\u00e2minas para liberar quando est\u00e3o presas em detritos<\/p>\n<p>A bateria de mochila lug-in fornece uma solu\u00e7\u00e3o de bateria confort\u00e1vel e conveniente e maior tempo de execu\u00e7\u00e3o (bateria de mochila GL-900 vendida separadamente)<\/p>\n<p>&nbsp;<\/p>\n","protected":false},"featured_media":21167,"comment_status":"open","ping_status":"closed","template":"","meta":[],"class_list":{"0":"post-20969","1":"product","2":"type-product","3":"status-publish","4":"has-post-thumbnail","6":"pwb-brand-greenworks","7":"product_cat-aparador-de-cerca-viva","8":"product_cat-greenworks","10":"first","11":"instock","12":"shipping-taxable","13":"product-type-simple"},"brands":[{"id":273,"name":"Greenworks","slug":"greenworks"}],"_links":{"self":[{"href":"https:\/\/nordtech.com.br\/index.php?rest_route=\/wp\/v2\/product\/20969","targetHints":{"allow":["GET"]}}],"collection":[{"href":"https:\/\/nordtech.com.br\/index.php?rest_route=\/wp\/v2\/product"}],"about":[{"href":"https:\/\/nordtech.com.br\/index.php?rest_route=\/wp\/v2\/types\/product"}],"replies":[{"embeddable":true,"href":"https:\/\/nordtech.com.br\/index.php?rest_route=%2Fwp%2Fv2%2Fcomments&post=20969"}],"wp:featuredmedia":[{"embeddable":true,"href":"https:\/\/nordtech.com.br\/index.php?rest_route=\/wp\/v2\/media\/21167"}],"wp:attachment":[{"href":"https:\/\/nordtech.com.br\/index.php?rest_route=%2Fwp%2Fv2%2Fmedia&parent=20969"}],"curies":[{"name":"wp","href":"https:\/\/api.w.org\/{rel}","templated":true}]}}